{"id":339,"date":"2020-05-29T22:32:35","date_gmt":"2020-05-29T20:32:35","guid":{"rendered":"http:\/\/www.fb-creations-web.com\/?page_id=339"},"modified":"2020-05-29T22:34:56","modified_gmt":"2020-05-29T20:34:56","slug":"contact","status":"publish","type":"page","link":"http:\/\/www.fb-creations-web.com\/index.php\/contact\/","title":{"rendered":"Contact"},"content":{"rendered":"<p>[et_pb_section fb_built=\u00a0\u00bb1&Prime; _builder_version=\u00a0\u00bb3.0.60&Prime;][et_pb_row _builder_version=\u00a0\u00bb3.0.60&Prime;][et_pb_column type=\u00a0\u00bb4_4&Prime; _builder_version=\u00a0\u00bb3.0.47&Prime; parallax=\u00a0\u00bboff\u00a0\u00bb parallax_method=\u00a0\u00bbon\u00a0\u00bb][et_pb_post_title meta=\u00a0\u00bboff\u00a0\u00bb featured_image=\u00a0\u00bboff\u00a0\u00bb _builder_version=\u00a0\u00bb3.0.60&Prime;][\/et_pb_post_title][\/et_pb_column][\/et_pb_row][et_pb_row _builder_version=\u00a0\u00bb3.0.60&Prime;][et_pb_column type=\u00a0\u00bb1_2&Prime; _builder_version=\u00a0\u00bb3.0.47&Prime; parallax=\u00a0\u00bboff\u00a0\u00bb parallax_method=\u00a0\u00bbon\u00a0\u00bb][et_pb_text _builder_version=\u00a0\u00bb3.0.60&Prime;]<\/p>\n<p>Vous pouvez me contacter par t\u00e9l\u00e9phone ou par mail, ainsi qu&rsquo;en utilisant le formulaire ci dessous.<\/p>\n<p>[\/et_pb_text][\/et_pb_column][et_pb_column type=\u00a0\u00bb1_2&Prime; _builder_version=\u00a0\u00bb3.0.47&Prime; parallax=\u00a0\u00bboff\u00a0\u00bb parallax_method=\u00a0\u00bbon\u00a0\u00bb][et_pb_text _builder_version=\u00a0\u00bb3.0.60&Prime;]<\/p>\n<p>Tel: 0665094343<\/p>\n<p>Mail: bonjour@fb-creations-web.com<\/p>\n<p>[\/et_pb_text][\/et_pb_column][\/et_pb_row][et_pb_row _builder_version=\u00a0\u00bb3.0.60&Prime;][et_pb_column type=\u00a0\u00bb4_4&Prime; _builder_version=\u00a0\u00bb3.0.47&Prime; parallax=\u00a0\u00bboff\u00a0\u00bb parallax_method=\u00a0\u00bbon\u00a0\u00bb][et_pb_contact_form email=\u00a0\u00bbbonjour@fb-creations-web.com\u00a0\u00bb module_id=\u00a0\u00bbet_pb_contact_form_0&Prime; _builder_version=\u00a0\u00bb3.0.106&Prime;][et_pb_contact_field field_id=\u00a0\u00bbName\u00a0\u00bb field_title=\u00a0\u00bbNom\u00a0\u00bb _builder_version=\u00a0\u00bb3.0.47&Prime; border_radii=\u00a0\u00bbon||||\u00a0\u00bb][\/et_pb_contact_field][et_pb_contact_field field_id=\u00a0\u00bbEmail\u00a0\u00bb field_title=\u00a0\u00bbAdresse e-mail\u00a0\u00bb field_type=\u00a0\u00bbemail\u00a0\u00bb _builder_version=\u00a0\u00bb3.0.47&Prime; border_radii=\u00a0\u00bbon||||\u00a0\u00bb][\/et_pb_contact_field][et_pb_contact_field field_id=\u00a0\u00bbMessage\u00a0\u00bb field_title=\u00a0\u00bbMessage\u00a0\u00bb field_type=\u00a0\u00bbtext\u00a0\u00bb fullwidth_field=\u00a0\u00bbon\u00a0\u00bb _builder_version=\u00a0\u00bb3.0.47&Prime; border_radii=\u00a0\u00bbon||||\u00a0\u00bb][\/et_pb_contact_field][\/et_pb_contact_form][\/et_pb_column][\/et_pb_row][\/et_pb_section]<\/p>\n","protected":false},"excerpt":{"rendered":"<p>Vous pouvez me contacter par t\u00e9l\u00e9phone ou par mail, ainsi qu&rsquo;en utilisant le formulaire ci dessous.Tel: 0665094343 Mail: bonjour@fb-creations-web.com<\/p>\n","protected":false},"author":1,"featured_media":0,"parent":0,"menu_order":0,"comment_status":"closed","ping_status":"closed","template":"","meta":{"_et_pb_use_builder":"on","_et_pb_old_content":"","_et_gb_content_width":"","footnotes":""},"class_list":["post-339","page","type-page","status-publish","hentry"],"yoast_head":"<!-- This site is optimized with the Yoast SEO plugin v25.7 - https:\/\/yoast.com\/wordpress\/plugins\/seo\/ -->\n<title>Contact - FB Cr\u00e9ations Web<\/title>\n<meta name=\"robots\" content=\"index, follow, max-snippet:-1, max-image-preview:large, max-video-preview:-1\" \/>\n<link rel=\"canonical\" href=\"http:\/\/www.fb-creations-web.com\/index.php\/contact\/\" \/>\n<meta property=\"og:locale\" content=\"fr_FR\" \/>\n<meta property=\"og:type\" content=\"article\" \/>\n<meta property=\"og:title\" content=\"Contact - FB Cr\u00e9ations Web\" \/>\n<meta property=\"og:description\" content=\"Vous pouvez me contacter par t\u00e9l\u00e9phone ou par mail, ainsi qu&#039;en utilisant le formulaire ci dessous.Tel: 0665094343 Mail: bonjour@fb-creations-web.com\" \/>\n<meta property=\"og:url\" content=\"http:\/\/www.fb-creations-web.com\/index.php\/contact\/\" \/>\n<meta property=\"og:site_name\" content=\"FB Cr\u00e9ations Web\" \/>\n<meta property=\"article:publisher\" content=\"https:\/\/www.facebook.com\/informatiquedugiffre\" \/>\n<meta property=\"article:modified_time\" content=\"2020-05-29T20:34:56+00:00\" \/>\n<meta name=\"twitter:card\" content=\"summary_large_image\" \/>\n<meta name=\"twitter:label1\" content=\"Dur\u00e9e de lecture estim\u00e9e\" \/>\n\t<meta name=\"twitter:data1\" content=\"1 minute\" \/>\n<script type=\"application\/ld+json\" class=\"yoast-schema-graph\">{\"@context\":\"https:\/\/schema.org\",\"@graph\":[{\"@type\":\"WebPage\",\"@id\":\"http:\/\/www.fb-creations-web.com\/index.php\/contact\/\",\"url\":\"http:\/\/www.fb-creations-web.com\/index.php\/contact\/\",\"name\":\"Contact - FB Cr\u00e9ations Web\",\"isPartOf\":{\"@id\":\"http:\/\/www.fb-creations-web.com\/#website\"},\"datePublished\":\"2020-05-29T20:32:35+00:00\",\"dateModified\":\"2020-05-29T20:34:56+00:00\",\"breadcrumb\":{\"@id\":\"http:\/\/www.fb-creations-web.com\/index.php\/contact\/#breadcrumb\"},\"inLanguage\":\"fr-FR\",\"potentialAction\":[{\"@type\":\"ReadAction\",\"target\":[\"http:\/\/www.fb-creations-web.com\/index.php\/contact\/\"]}]},{\"@type\":\"BreadcrumbList\",\"@id\":\"http:\/\/www.fb-creations-web.com\/index.php\/contact\/#breadcrumb\",\"itemListElement\":[{\"@type\":\"ListItem\",\"position\":1,\"name\":\"Accueil\",\"item\":\"http:\/\/www.fb-creations-web.com\/\"},{\"@type\":\"ListItem\",\"position\":2,\"name\":\"Contact\"}]},{\"@type\":\"WebSite\",\"@id\":\"http:\/\/www.fb-creations-web.com\/#website\",\"url\":\"http:\/\/www.fb-creations-web.com\/\",\"name\":\"FB Cr\u00e9ations Web - Informatique en Montagnes du Giffre\",\"description\":\"L&#039;informatique dans la vall\u00e9e du Giffre\",\"publisher\":{\"@id\":\"http:\/\/www.fb-creations-web.com\/#organization\"},\"potentialAction\":[{\"@type\":\"SearchAction\",\"target\":{\"@type\":\"EntryPoint\",\"urlTemplate\":\"http:\/\/www.fb-creations-web.com\/?s={search_term_string}\"},\"query-input\":{\"@type\":\"PropertyValueSpecification\",\"valueRequired\":true,\"valueName\":\"search_term_string\"}}],\"inLanguage\":\"fr-FR\"},{\"@type\":\"Organization\",\"@id\":\"http:\/\/www.fb-creations-web.com\/#organization\",\"name\":\"FB Cr\u00e9ations Web\",\"url\":\"http:\/\/www.fb-creations-web.com\/\",\"logo\":{\"@type\":\"ImageObject\",\"inLanguage\":\"fr-FR\",\"@id\":\"http:\/\/www.fb-creations-web.com\/#\/schema\/logo\/image\/\",\"url\":\"https:\/\/www.fb-creations-web.com\/wp-content\/uploads\/2018\/03\/Logo_site.png\",\"contentUrl\":\"https:\/\/www.fb-creations-web.com\/wp-content\/uploads\/2018\/03\/Logo_site.png\",\"width\":512,\"height\":512,\"caption\":\"FB Cr\u00e9ations Web\"},\"image\":{\"@id\":\"http:\/\/www.fb-creations-web.com\/#\/schema\/logo\/image\/\"},\"sameAs\":[\"https:\/\/www.facebook.com\/informatiquedugiffre\"]}]}<\/script>\n<!-- \/ Yoast SEO plugin. -->","yoast_head_json":{"title":"Contact - FB Cr\u00e9ations Web","robots":{"index":"index","follow":"follow","max-snippet":"max-snippet:-1","max-image-preview":"max-image-preview:large","max-video-preview":"max-video-preview:-1"},"canonical":"http:\/\/www.fb-creations-web.com\/index.php\/contact\/","og_locale":"fr_FR","og_type":"article","og_title":"Contact - FB Cr\u00e9ations Web","og_description":"Vous pouvez me contacter par t\u00e9l\u00e9phone ou par mail, ainsi qu'en utilisant le formulaire ci dessous.Tel: 0665094343 Mail: bonjour@fb-creations-web.com","og_url":"http:\/\/www.fb-creations-web.com\/index.php\/contact\/","og_site_name":"FB Cr\u00e9ations Web","article_publisher":"https:\/\/www.facebook.com\/informatiquedugiffre","article_modified_time":"2020-05-29T20:34:56+00:00","twitter_card":"summary_large_image","twitter_misc":{"Dur\u00e9e de lecture estim\u00e9e":"1 minute"},"schema":{"@context":"https:\/\/schema.org","@graph":[{"@type":"WebPage","@id":"http:\/\/www.fb-creations-web.com\/index.php\/contact\/","url":"http:\/\/www.fb-creations-web.com\/index.php\/contact\/","name":"Contact - FB Cr\u00e9ations Web","isPartOf":{"@id":"http:\/\/www.fb-creations-web.com\/#website"},"datePublished":"2020-05-29T20:32:35+00:00","dateModified":"2020-05-29T20:34:56+00:00","breadcrumb":{"@id":"http:\/\/www.fb-creations-web.com\/index.php\/contact\/#breadcrumb"},"inLanguage":"fr-FR","potentialAction":[{"@type":"ReadAction","target":["http:\/\/www.fb-creations-web.com\/index.php\/contact\/"]}]},{"@type":"BreadcrumbList","@id":"http:\/\/www.fb-creations-web.com\/index.php\/contact\/#breadcrumb","itemListElement":[{"@type":"ListItem","position":1,"name":"Accueil","item":"http:\/\/www.fb-creations-web.com\/"},{"@type":"ListItem","position":2,"name":"Contact"}]},{"@type":"WebSite","@id":"http:\/\/www.fb-creations-web.com\/#website","url":"http:\/\/www.fb-creations-web.com\/","name":"FB Cr\u00e9ations Web - Informatique en Montagnes du Giffre","description":"L&#039;informatique dans la vall\u00e9e du Giffre","publisher":{"@id":"http:\/\/www.fb-creations-web.com\/#organization"},"potentialAction":[{"@type":"SearchAction","target":{"@type":"EntryPoint","urlTemplate":"http:\/\/www.fb-creations-web.com\/?s={search_term_string}"},"query-input":{"@type":"PropertyValueSpecification","valueRequired":true,"valueName":"search_term_string"}}],"inLanguage":"fr-FR"},{"@type":"Organization","@id":"http:\/\/www.fb-creations-web.com\/#organization","name":"FB Cr\u00e9ations Web","url":"http:\/\/www.fb-creations-web.com\/","logo":{"@type":"ImageObject","inLanguage":"fr-FR","@id":"http:\/\/www.fb-creations-web.com\/#\/schema\/logo\/image\/","url":"https:\/\/www.fb-creations-web.com\/wp-content\/uploads\/2018\/03\/Logo_site.png","contentUrl":"https:\/\/www.fb-creations-web.com\/wp-content\/uploads\/2018\/03\/Logo_site.png","width":512,"height":512,"caption":"FB Cr\u00e9ations Web"},"image":{"@id":"http:\/\/www.fb-creations-web.com\/#\/schema\/logo\/image\/"},"sameAs":["https:\/\/www.facebook.com\/informatiquedugiffre"]}]}},"_links":{"self":[{"href":"http:\/\/www.fb-creations-web.com\/index.php\/wp-json\/wp\/v2\/pages\/339","targetHints":{"allow":["GET"]}}],"collection":[{"href":"http:\/\/www.fb-creations-web.com\/index.php\/wp-json\/wp\/v2\/pages"}],"about":[{"href":"http:\/\/www.fb-creations-web.com\/index.php\/wp-json\/wp\/v2\/types\/page"}],"author":[{"embeddable":true,"href":"http:\/\/www.fb-creations-web.com\/index.php\/wp-json\/wp\/v2\/users\/1"}],"replies":[{"embeddable":true,"href":"http:\/\/www.fb-creations-web.com\/index.php\/wp-json\/wp\/v2\/comments?post=339"}],"version-history":[{"count":3,"href":"http:\/\/www.fb-creations-web.com\/index.php\/wp-json\/wp\/v2\/pages\/339\/revisions"}],"predecessor-version":[{"id":343,"href":"http:\/\/www.fb-creations-web.com\/index.php\/wp-json\/wp\/v2\/pages\/339\/revisions\/343"}],"wp:attachment":[{"href":"http:\/\/www.fb-creations-web.com\/index.php\/wp-json\/wp\/v2\/media?parent=339"}],"curies":[{"name":"wp","href":"https:\/\/api.w.org\/{rel}","templated":true}]}}