{"id":22,"date":"2018-03-15T22:04:31","date_gmt":"2018-03-15T21:04:31","guid":{"rendered":"http:\/\/www.fb-creations-web.com\/?page_id=22"},"modified":"2018-08-23T18:01:14","modified_gmt":"2018-08-23T16:01:14","slug":"formation-conseil","status":"publish","type":"page","link":"http:\/\/www.fb-creations-web.com\/index.php\/formation-conseil\/","title":{"rendered":"Formation &#8211; Conseil"},"content":{"rendered":"<p>[et_pb_section fb_built=\u00a0\u00bb1&Prime; _builder_version=\u00a0\u00bb3.0.106&Prime; background_image=\u00a0\u00bbhttp:\/\/www.fb-creations-web.com\/wp-content\/uploads\/2018\/08\/Voirplusclair_web.jpg\u00a0\u00bb background_position=\u00a0\u00bbbottom_center\u00a0\u00bb custom_padding=\u00a0\u00bb122px|0|96px|0&Prime; saved_tabs=\u00a0\u00bball\u00a0\u00bb][et_pb_row use_custom_width=\u00a0\u00bbon\u00a0\u00bb custom_width_px=\u00a0\u00bb500px\u00a0\u00bb custom_padding=\u00a0\u00bb|||\u00a0\u00bb custom_margin=\u00a0\u00bb|||\u00a0\u00bb background_color=\u00a0\u00bbrgba(0,0,0,0.29)\u00a0\u00bb _builder_version=\u00a0\u00bb3.0.106&Prime; background_size=\u00a0\u00bbinitial\u00a0\u00bb background_position=\u00a0\u00bbtop_left\u00a0\u00bb background_repeat=\u00a0\u00bbrepeat\u00a0\u00bb border_radii=\u00a0\u00bbon|10px|10px|10px|10px\u00a0\u00bb border_width_all=\u00a0\u00bb3px\u00a0\u00bb border_color_all=\u00a0\u00bb#ffffff\u00a0\u00bb module_alignment=\u00a0\u00bbcenter\u00a0\u00bb][et_pb_column type=\u00a0\u00bb4_4&Prime; _builder_version=\u00a0\u00bb3.0.47&Prime; parallax=\u00a0\u00bboff\u00a0\u00bb parallax_method=\u00a0\u00bbon\u00a0\u00bb][et_pb_text background_layout=\u00a0\u00bbdark\u00a0\u00bb _builder_version=\u00a0\u00bb3.0.106&Prime; text_font=\u00a0\u00bbAdamina|700|||||||\u00a0\u00bb text_font_size=\u00a0\u00bb18px\u00a0\u00bb]<\/p>\n<h1 style=\"text-align: center;\">Formation<\/h1>\n<p>[\/et_pb_text][\/et_pb_column][\/et_pb_row][\/et_pb_section][et_pb_section fb_built=\u00a0\u00bb1&Prime; _builder_version=\u00a0\u00bb3.0.106&Prime;][et_pb_row _builder_version=\u00a0\u00bb3.0.106&Prime;][et_pb_column type=\u00a0\u00bb4_4&Prime; _builder_version=\u00a0\u00bb3.0.106&Prime; parallax=\u00a0\u00bboff\u00a0\u00bb parallax_method=\u00a0\u00bbon\u00a0\u00bb][et_pb_text _builder_version=\u00a0\u00bb3.0.106&Prime;]<\/p>\n<h2>Cours particuliers<\/h2>\n<p>Pour tout le monde, je propose des formations individuelles ou en groupe, adapt\u00e9es au niveau et aux besoins de chacun.<\/p>\n<p>Initiation \u00e0 l&rsquo;informatique, \u00e0 l&rsquo;usage d&rsquo;Internet, utilisation de logiciels de bureautique, de base et avanc\u00e9e, photos, etc&#8230;<\/p>\n<p>Tarifs \u00e0 partir de 40\u20ac de l&rsquo;heure (plus d\u00e9placement)<\/p>\n<p>&nbsp;<\/p>\n<h2>Cours collectifs<\/h2>\n<p>Plus abordable, mais moins personalis\u00e9, je propose \u00e9galement, en partenariat avec la MJC de Taninges, des s\u00e9ances d&rsquo;informatique par th\u00e9matique (Initiation, Photos, Bureautique, etc&#8230;). Chaque th\u00e9matique est couverte en 5 s\u00e9ances de 1h30.\u00a0 (40\u20ac pour une th\u00e9matique)<\/p>\n<p>[\/et_pb_text][\/et_pb_column][\/et_pb_row][et_pb_row custom_padding=\u00a0\u00bb27px|0|27px|0px\u00a0\u00bb _builder_version=\u00a0\u00bb3.0.106&Prime;][et_pb_column type=\u00a0\u00bb1_3&Prime; _builder_version=\u00a0\u00bb3.0.106&Prime; parallax=\u00a0\u00bboff\u00a0\u00bb parallax_method=\u00a0\u00bbon\u00a0\u00bb][et_pb_blurb title=\u00a0\u00bbMontage Photo\u00a0\u00bb image=\u00a0\u00bbhttp:\/\/www.fb-creations-web.com\/wp-content\/uploads\/2018\/08\/Montage.jpg\u00a0\u00bb _builder_version=\u00a0\u00bb3.0.106&Prime; header_font=\u00a0\u00bb||||||||\u00a0\u00bb border_radii_image=\u00a0\u00bbon|10px|10px|10px|10px\u00a0\u00bb border_width_top_image=\u00a0\u00bb0px\u00a0\u00bb text_orientation=\u00a0\u00bbcenter\u00a0\u00bb header_text_align=\u00a0\u00bbcenter\u00a0\u00bb header_level=\u00a0\u00bbh3&Prime;]<\/p>\n<p>Cr\u00e9er vos cartes de voeux, embellir des souvenirs, faire un album photos.<\/p>\n<p>Niveau d\u00e9butant \u00e0 avanc\u00e9.<\/p>\n<p>[\/et_pb_blurb][\/et_pb_column][et_pb_column type=\u00a0\u00bb1_3&Prime; _builder_version=\u00a0\u00bb3.0.106&Prime; parallax=\u00a0\u00bboff\u00a0\u00bb parallax_method=\u00a0\u00bbon\u00a0\u00bb][et_pb_blurb title=\u00a0\u00bbBureautique\u00a0\u00bb image=\u00a0\u00bbhttp:\/\/www.fb-creations-web.com\/wp-content\/uploads\/2018\/08\/bureautique.jpg\u00a0\u00bb _builder_version=\u00a0\u00bb3.0.106&Prime; text_orientation=\u00a0\u00bbcenter\u00a0\u00bb header_font=\u00a0\u00bb||||||||\u00a0\u00bb header_text_align=\u00a0\u00bbcenter\u00a0\u00bb header_level=\u00a0\u00bbh3&Prime; border_radii_image=\u00a0\u00bbon|10px|10px|10px|10px\u00a0\u00bb border_width_top_image=\u00a0\u00bb0px\u00a0\u00bb image_max_width=\u00a0\u00bb81%\u00a0\u00bb]<\/p>\n<p>Utilisation des outils bureautiques libres (traitement de texte, tableur).<\/p>\n<p>Niveau d\u00e9butant et moyen.<\/p>\n<p>[\/et_pb_blurb][\/et_pb_column][et_pb_column type=\u00a0\u00bb1_3&Prime; _builder_version=\u00a0\u00bb3.0.106&Prime; parallax=\u00a0\u00bboff\u00a0\u00bb parallax_method=\u00a0\u00bbon\u00a0\u00bb][et_pb_blurb title=\u00a0\u00bbUsages de base\u00a0\u00bb _builder_version=\u00a0\u00bb3.0.106&Prime; text_orientation=\u00a0\u00bbcenter\u00a0\u00bb image=\u00a0\u00bbhttp:\/\/www.fb-creations-web.com\/wp-content\/uploads\/2018\/08\/Main_clavier.jpg\u00a0\u00bb header_font=\u00a0\u00bb||||||||\u00a0\u00bb header_level=\u00a0\u00bbh3&Prime; header_text_align=\u00a0\u00bbcenter\u00a0\u00bb border_radii_image=\u00a0\u00bbon|10px|10px|10px|10px\u00a0\u00bb border_width_top_image=\u00a0\u00bb0px\u00a0\u00bb image_max_width=\u00a0\u00bb67%\u00a0\u00bb]<\/p>\n<p>Installer des programmes, regarder une vid\u00e9o, \u00e9couter de la musique, utiliser les mails, surfer sur Internet.<\/p>\n<p>Je m&rsquo;adapte \u00e0 votre demande et \u00e0 votre niveau pour que l&rsquo;informatique devienne un plaisir.<\/p>\n<p>[\/et_pb_blurb][\/et_pb_column][\/et_pb_row][\/et_pb_section]<\/p>\n","protected":false},"excerpt":{"rendered":"<p>Formation tout niveau<\/p>\n","protected":false},"author":1,"featured_media":0,"parent":0,"menu_order":0,"comment_status":"closed","ping_status":"closed","template":"","meta":{"_et_pb_use_builder":"on","_et_pb_old_content":"","_et_gb_content_width":"","footnotes":""},"class_list":["post-22","page","type-page","status-publish","hentry"],"yoast_head":"<!-- This site is optimized with the Yoast SEO plugin v25.7 - https:\/\/yoast.com\/wordpress\/plugins\/seo\/ -->\n<title>Formation - Conseil - FB Cr\u00e9ations Web<\/title>\n<meta name=\"robots\" content=\"index, follow, max-snippet:-1, max-image-preview:large, max-video-preview:-1\" \/>\n<link rel=\"canonical\" href=\"https:\/\/www.fb-creations-web.com\/index.php\/formation-conseil\/\" \/>\n<meta property=\"og:locale\" content=\"fr_FR\" \/>\n<meta property=\"og:type\" content=\"article\" \/>\n<meta property=\"og:title\" content=\"Formation - Conseil - FB Cr\u00e9ations Web\" \/>\n<meta property=\"og:description\" content=\"Formation tout niveau\" \/>\n<meta property=\"og:url\" content=\"https:\/\/www.fb-creations-web.com\/index.php\/formation-conseil\/\" \/>\n<meta property=\"og:site_name\" content=\"FB Cr\u00e9ations Web\" \/>\n<meta property=\"article:publisher\" content=\"https:\/\/www.facebook.com\/informatiquedugiffre\" \/>\n<meta property=\"article:modified_time\" content=\"2018-08-23T16:01:14+00:00\" \/>\n<meta name=\"twitter:card\" content=\"summary_large_image\" \/>\n<meta name=\"twitter:label1\" content=\"Dur\u00e9e de lecture estim\u00e9e\" \/>\n\t<meta name=\"twitter:data1\" content=\"3 minutes\" \/>\n<script type=\"application\/ld+json\" class=\"yoast-schema-graph\">{\"@context\":\"https:\/\/schema.org\",\"@graph\":[{\"@type\":\"WebPage\",\"@id\":\"https:\/\/www.fb-creations-web.com\/index.php\/formation-conseil\/\",\"url\":\"https:\/\/www.fb-creations-web.com\/index.php\/formation-conseil\/\",\"name\":\"Formation - Conseil - FB Cr\u00e9ations Web\",\"isPartOf\":{\"@id\":\"http:\/\/www.fb-creations-web.com\/#website\"},\"datePublished\":\"2018-03-15T21:04:31+00:00\",\"dateModified\":\"2018-08-23T16:01:14+00:00\",\"breadcrumb\":{\"@id\":\"https:\/\/www.fb-creations-web.com\/index.php\/formation-conseil\/#breadcrumb\"},\"inLanguage\":\"fr-FR\",\"potentialAction\":[{\"@type\":\"ReadAction\",\"target\":[\"https:\/\/www.fb-creations-web.com\/index.php\/formation-conseil\/\"]}]},{\"@type\":\"BreadcrumbList\",\"@id\":\"https:\/\/www.fb-creations-web.com\/index.php\/formation-conseil\/#breadcrumb\",\"itemListElement\":[{\"@type\":\"ListItem\",\"position\":1,\"name\":\"Accueil\",\"item\":\"http:\/\/www.fb-creations-web.com\/\"},{\"@type\":\"ListItem\",\"position\":2,\"name\":\"Formation &#8211; Conseil\"}]},{\"@type\":\"WebSite\",\"@id\":\"http:\/\/www.fb-creations-web.com\/#website\",\"url\":\"http:\/\/www.fb-creations-web.com\/\",\"name\":\"FB Cr\u00e9ations Web - Informatique en Montagnes du Giffre\",\"description\":\"L&#039;informatique dans la vall\u00e9e du Giffre\",\"publisher\":{\"@id\":\"http:\/\/www.fb-creations-web.com\/#organization\"},\"potentialAction\":[{\"@type\":\"SearchAction\",\"target\":{\"@type\":\"EntryPoint\",\"urlTemplate\":\"http:\/\/www.fb-creations-web.com\/?s={search_term_string}\"},\"query-input\":{\"@type\":\"PropertyValueSpecification\",\"valueRequired\":true,\"valueName\":\"search_term_string\"}}],\"inLanguage\":\"fr-FR\"},{\"@type\":\"Organization\",\"@id\":\"http:\/\/www.fb-creations-web.com\/#organization\",\"name\":\"FB Cr\u00e9ations Web\",\"url\":\"http:\/\/www.fb-creations-web.com\/\",\"logo\":{\"@type\":\"ImageObject\",\"inLanguage\":\"fr-FR\",\"@id\":\"http:\/\/www.fb-creations-web.com\/#\/schema\/logo\/image\/\",\"url\":\"https:\/\/www.fb-creations-web.com\/wp-content\/uploads\/2018\/03\/Logo_site.png\",\"contentUrl\":\"https:\/\/www.fb-creations-web.com\/wp-content\/uploads\/2018\/03\/Logo_site.png\",\"width\":512,\"height\":512,\"caption\":\"FB Cr\u00e9ations Web\"},\"image\":{\"@id\":\"http:\/\/www.fb-creations-web.com\/#\/schema\/logo\/image\/\"},\"sameAs\":[\"https:\/\/www.facebook.com\/informatiquedugiffre\"]}]}<\/script>\n<!-- \/ Yoast SEO plugin. -->","yoast_head_json":{"title":"Formation - Conseil - FB Cr\u00e9ations Web","robots":{"index":"index","follow":"follow","max-snippet":"max-snippet:-1","max-image-preview":"max-image-preview:large","max-video-preview":"max-video-preview:-1"},"canonical":"https:\/\/www.fb-creations-web.com\/index.php\/formation-conseil\/","og_locale":"fr_FR","og_type":"article","og_title":"Formation - Conseil - FB Cr\u00e9ations Web","og_description":"Formation tout niveau","og_url":"https:\/\/www.fb-creations-web.com\/index.php\/formation-conseil\/","og_site_name":"FB Cr\u00e9ations Web","article_publisher":"https:\/\/www.facebook.com\/informatiquedugiffre","article_modified_time":"2018-08-23T16:01:14+00:00","twitter_card":"summary_large_image","twitter_misc":{"Dur\u00e9e de lecture estim\u00e9e":"3 minutes"},"schema":{"@context":"https:\/\/schema.org","@graph":[{"@type":"WebPage","@id":"https:\/\/www.fb-creations-web.com\/index.php\/formation-conseil\/","url":"https:\/\/www.fb-creations-web.com\/index.php\/formation-conseil\/","name":"Formation - Conseil - FB Cr\u00e9ations Web","isPartOf":{"@id":"http:\/\/www.fb-creations-web.com\/#website"},"datePublished":"2018-03-15T21:04:31+00:00","dateModified":"2018-08-23T16:01:14+00:00","breadcrumb":{"@id":"https:\/\/www.fb-creations-web.com\/index.php\/formation-conseil\/#breadcrumb"},"inLanguage":"fr-FR","potentialAction":[{"@type":"ReadAction","target":["https:\/\/www.fb-creations-web.com\/index.php\/formation-conseil\/"]}]},{"@type":"BreadcrumbList","@id":"https:\/\/www.fb-creations-web.com\/index.php\/formation-conseil\/#breadcrumb","itemListElement":[{"@type":"ListItem","position":1,"name":"Accueil","item":"http:\/\/www.fb-creations-web.com\/"},{"@type":"ListItem","position":2,"name":"Formation &#8211; Conseil"}]},{"@type":"WebSite","@id":"http:\/\/www.fb-creations-web.com\/#website","url":"http:\/\/www.fb-creations-web.com\/","name":"FB Cr\u00e9ations Web - Informatique en Montagnes du Giffre","description":"L&#039;informatique dans la vall\u00e9e du Giffre","publisher":{"@id":"http:\/\/www.fb-creations-web.com\/#organization"},"potentialAction":[{"@type":"SearchAction","target":{"@type":"EntryPoint","urlTemplate":"http:\/\/www.fb-creations-web.com\/?s={search_term_string}"},"query-input":{"@type":"PropertyValueSpecification","valueRequired":true,"valueName":"search_term_string"}}],"inLanguage":"fr-FR"},{"@type":"Organization","@id":"http:\/\/www.fb-creations-web.com\/#organization","name":"FB Cr\u00e9ations Web","url":"http:\/\/www.fb-creations-web.com\/","logo":{"@type":"ImageObject","inLanguage":"fr-FR","@id":"http:\/\/www.fb-creations-web.com\/#\/schema\/logo\/image\/","url":"https:\/\/www.fb-creations-web.com\/wp-content\/uploads\/2018\/03\/Logo_site.png","contentUrl":"https:\/\/www.fb-creations-web.com\/wp-content\/uploads\/2018\/03\/Logo_site.png","width":512,"height":512,"caption":"FB Cr\u00e9ations Web"},"image":{"@id":"http:\/\/www.fb-creations-web.com\/#\/schema\/logo\/image\/"},"sameAs":["https:\/\/www.facebook.com\/informatiquedugiffre"]}]}},"_links":{"self":[{"href":"http:\/\/www.fb-creations-web.com\/index.php\/wp-json\/wp\/v2\/pages\/22","targetHints":{"allow":["GET"]}}],"collection":[{"href":"http:\/\/www.fb-creations-web.com\/index.php\/wp-json\/wp\/v2\/pages"}],"about":[{"href":"http:\/\/www.fb-creations-web.com\/index.php\/wp-json\/wp\/v2\/types\/page"}],"author":[{"embeddable":true,"href":"http:\/\/www.fb-creations-web.com\/index.php\/wp-json\/wp\/v2\/users\/1"}],"replies":[{"embeddable":true,"href":"http:\/\/www.fb-creations-web.com\/index.php\/wp-json\/wp\/v2\/comments?post=22"}],"version-history":[{"count":13,"href":"http:\/\/www.fb-creations-web.com\/index.php\/wp-json\/wp\/v2\/pages\/22\/revisions"}],"predecessor-version":[{"id":208,"href":"http:\/\/www.fb-creations-web.com\/index.php\/wp-json\/wp\/v2\/pages\/22\/revisions\/208"}],"wp:attachment":[{"href":"http:\/\/www.fb-creations-web.com\/index.php\/wp-json\/wp\/v2\/media?parent=22"}],"curies":[{"name":"wp","href":"https:\/\/api.w.org\/{rel}","templated":true}]}}