{"id":21,"date":"2018-03-15T22:04:31","date_gmt":"2018-03-15T21:04:31","guid":{"rendered":"http:\/\/www.fb-creations-web.com\/?page_id=21"},"modified":"2018-08-23T18:30:46","modified_gmt":"2018-08-23T16:30:46","slug":"site-internet","status":"publish","type":"page","link":"http:\/\/www.fb-creations-web.com\/index.php\/site-internet\/","title":{"rendered":"Site Internet"},"content":{"rendered":"<p>[et_pb_section fb_built=\u00a0\u00bb1&Prime; _builder_version=\u00a0\u00bb3.0.106&Prime; background_image=\u00a0\u00bbhttp:\/\/www.fb-creations-web.com\/wp-content\/uploads\/2018\/05\/SiteWeb.jpg\u00a0\u00bb background_position=\u00a0\u00bbbottom_left\u00a0\u00bb saved_tabs=\u00a0\u00bball\u00a0\u00bb][et_pb_row use_custom_width=\u00a0\u00bbon\u00a0\u00bb custom_width_px=\u00a0\u00bb500px\u00a0\u00bb background_color=\u00a0\u00bbrgba(0,0,0,0.29)\u00a0\u00bb _builder_version=\u00a0\u00bb3.0.106&Prime; background_size=\u00a0\u00bbinitial\u00a0\u00bb background_position=\u00a0\u00bbtop_left\u00a0\u00bb background_repeat=\u00a0\u00bbrepeat\u00a0\u00bb border_radii=\u00a0\u00bbon|10px|10px|10px|10px\u00a0\u00bb border_width_all=\u00a0\u00bb3px\u00a0\u00bb border_color_all=\u00a0\u00bb#ffffff\u00a0\u00bb module_alignment=\u00a0\u00bbcenter\u00a0\u00bb][et_pb_column type=\u00a0\u00bb4_4&Prime; _builder_version=\u00a0\u00bb3.0.47&Prime; parallax=\u00a0\u00bboff\u00a0\u00bb parallax_method=\u00a0\u00bbon\u00a0\u00bb][et_pb_text background_layout=\u00a0\u00bbdark\u00a0\u00bb _builder_version=\u00a0\u00bb3.0.106&Prime; text_font=\u00a0\u00bbAdamina|700|||||||\u00a0\u00bb text_font_size=\u00a0\u00bb18px\u00a0\u00bb]<\/p>\n<h1 style=\"text-align: center;\">Sites Internet<\/h1>\n<p>[\/et_pb_text][\/et_pb_column][\/et_pb_row][\/et_pb_section][et_pb_section fb_built=\u00a0\u00bb1&Prime; _builder_version=\u00a0\u00bb3.0.47&Prime;][et_pb_row _builder_version=\u00a0\u00bb3.0.47&Prime; background_size=\u00a0\u00bbinitial\u00a0\u00bb background_position=\u00a0\u00bbtop_left\u00a0\u00bb background_repeat=\u00a0\u00bbrepeat\u00a0\u00bb][et_pb_column type=\u00a0\u00bb1_2&Prime; _builder_version=\u00a0\u00bb3.0.47&Prime; parallax=\u00a0\u00bboff\u00a0\u00bb parallax_method=\u00a0\u00bbon\u00a0\u00bb][et_pb_text _builder_version=\u00a0\u00bb3.0.106&Prime;]<\/p>\n<h2 style=\"text-align: center;\">Cr\u00e9ation de site<\/h2>\n<p>[\/et_pb_text][et_pb_text _builder_version=\u00a0\u00bb3.0.106&Prime;]<\/p>\n<p style=\"text-align: center;\">Cr\u00e9ation de sites internets, vitrine, boutique, pr\u00e9sentation d&rsquo;activit\u00e9, etc.<\/p>\n<p style=\"text-align: center;\">Je vous accompagne dans la d\u00e9finition de votre identit\u00e9 sur le web, pour que vous puissiez communiquer comme vous le souhaitez.<\/p>\n<p>[\/et_pb_text][\/et_pb_column][et_pb_column type=\u00a0\u00bb1_2&Prime; _builder_version=\u00a0\u00bb3.0.47&Prime; parallax=\u00a0\u00bboff\u00a0\u00bb parallax_method=\u00a0\u00bbon\u00a0\u00bb][et_pb_portfolio posts_number=\u00a0\u00bb10&Prime; show_categories=\u00a0\u00bboff\u00a0\u00bb show_pagination=\u00a0\u00bboff\u00a0\u00bb _builder_version=\u00a0\u00bb3.0.106&Prime; fullwidth=\u00a0\u00bboff\u00a0\u00bb border_radii_image=\u00a0\u00bbon|5px|5px|5px|5px\u00a0\u00bb title_font=\u00a0\u00bb||||||||\u00a0\u00bb title_text_align=\u00a0\u00bbcenter\u00a0\u00bb][\/et_pb_portfolio][\/et_pb_column][\/et_pb_row][et_pb_row _builder_version=\u00a0\u00bb3.0.106&Prime;][et_pb_column type=\u00a0\u00bb1_2&Prime; _builder_version=\u00a0\u00bb3.0.106&Prime; parallax=\u00a0\u00bboff\u00a0\u00bb parallax_method=\u00a0\u00bbon\u00a0\u00bb][\/et_pb_column][et_pb_column type=\u00a0\u00bb1_2&Prime; _builder_version=\u00a0\u00bb3.0.106&Prime; parallax=\u00a0\u00bboff\u00a0\u00bb parallax_method=\u00a0\u00bbon\u00a0\u00bb][et_pb_text _builder_version=\u00a0\u00bb3.0.106&Prime;]<\/p>\n<h2 style=\"text-align: center;\">Mise \u00e0 jour<\/h2>\n<p style=\"text-align: center;\">Apr\u00e8s quelques ann\u00e9es, un site peut avoir besoin d&rsquo;\u00eatre mis \u00e0 jour, techniquement et \/ ou graphiquement.<\/p>\n<p style=\"text-align: center;\">Je peux reprendre votre ancien site si vous ne savez pas comment faire ou qui contacter.<\/p>\n<p>[\/et_pb_text][\/et_pb_column][\/et_pb_row][et_pb_row _builder_version=\u00a0\u00bb3.0.106&Prime;][et_pb_column type=\u00a0\u00bb1_2&Prime; _builder_version=\u00a0\u00bb3.0.106&Prime; parallax=\u00a0\u00bboff\u00a0\u00bb parallax_method=\u00a0\u00bbon\u00a0\u00bb][et_pb_text _builder_version=\u00a0\u00bb3.0.106&Prime;]<\/p>\n<h2 style=\"text-align: center;\">H\u00e9bergement<\/h2>\n<p style=\"text-align: center;\">Votre site a besoin d&rsquo;\u00eatre h\u00e9berg\u00e9 sur une infrastructure s\u00fbre et disponible.<\/p>\n<p style=\"text-align: center;\">FB Cr\u00e9ations Web vous propose ses forfaits d&rsquo;h\u00e9bergements et se charge de la gestion de votre nom de domaine, de l&rsquo;h\u00e9bergement du site et des sauvegardes.<\/p>\n<p style=\"text-align: center;\">Possibilit\u00e9 \u00e9galement de maintenir le logiciel de votre site \u00e0 jour p\u00e9riodiquement.<\/p>\n<p>[\/et_pb_text][\/et_pb_column][et_pb_column type=\u00a0\u00bb1_2&Prime; _builder_version=\u00a0\u00bb3.0.106&Prime; parallax=\u00a0\u00bboff\u00a0\u00bb parallax_method=\u00a0\u00bbon\u00a0\u00bb][\/et_pb_column][\/et_pb_row][\/et_pb_section][et_pb_section fb_built=\u00a0\u00bb1&Prime; _builder_version=\u00a0\u00bb3.0.106&Prime;][\/et_pb_section]<\/p>\n","protected":false},"excerpt":{"rendered":"<p>jfjf,jk<\/p>\n","protected":false},"author":1,"featured_media":0,"parent":0,"menu_order":0,"comment_status":"closed","ping_status":"closed","template":"","meta":{"_et_pb_use_builder":"on","_et_pb_old_content":"","_et_gb_content_width":"","footnotes":""},"class_list":["post-21","page","type-page","status-publish","hentry"],"yoast_head":"<!-- This site is optimized with the Yoast SEO plugin v25.7 - https:\/\/yoast.com\/wordpress\/plugins\/seo\/ -->\n<title>Site Internet - FB Cr\u00e9ations Web<\/title>\n<meta name=\"robots\" content=\"index, follow, max-snippet:-1, max-image-preview:large, max-video-preview:-1\" \/>\n<link rel=\"canonical\" href=\"http:\/\/www.fb-creations-web.com\/index.php\/site-internet\/\" \/>\n<meta property=\"og:locale\" content=\"fr_FR\" \/>\n<meta property=\"og:type\" content=\"article\" \/>\n<meta property=\"og:title\" content=\"Site Internet - FB Cr\u00e9ations Web\" \/>\n<meta property=\"og:description\" content=\"jfjf,jk\" \/>\n<meta property=\"og:url\" content=\"http:\/\/www.fb-creations-web.com\/index.php\/site-internet\/\" \/>\n<meta property=\"og:site_name\" content=\"FB Cr\u00e9ations Web\" \/>\n<meta property=\"article:publisher\" content=\"https:\/\/www.facebook.com\/informatiquedugiffre\" \/>\n<meta property=\"article:modified_time\" content=\"2018-08-23T16:30:46+00:00\" \/>\n<meta name=\"twitter:card\" content=\"summary_large_image\" \/>\n<meta name=\"twitter:label1\" content=\"Dur\u00e9e de lecture estim\u00e9e\" \/>\n\t<meta name=\"twitter:data1\" content=\"2 minutes\" \/>\n<script type=\"application\/ld+json\" class=\"yoast-schema-graph\">{\"@context\":\"https:\/\/schema.org\",\"@graph\":[{\"@type\":\"WebPage\",\"@id\":\"http:\/\/www.fb-creations-web.com\/index.php\/site-internet\/\",\"url\":\"http:\/\/www.fb-creations-web.com\/index.php\/site-internet\/\",\"name\":\"Site Internet - FB Cr\u00e9ations Web\",\"isPartOf\":{\"@id\":\"http:\/\/www.fb-creations-web.com\/#website\"},\"datePublished\":\"2018-03-15T21:04:31+00:00\",\"dateModified\":\"2018-08-23T16:30:46+00:00\",\"breadcrumb\":{\"@id\":\"http:\/\/www.fb-creations-web.com\/index.php\/site-internet\/#breadcrumb\"},\"inLanguage\":\"fr-FR\",\"potentialAction\":[{\"@type\":\"ReadAction\",\"target\":[\"http:\/\/www.fb-creations-web.com\/index.php\/site-internet\/\"]}]},{\"@type\":\"BreadcrumbList\",\"@id\":\"http:\/\/www.fb-creations-web.com\/index.php\/site-internet\/#breadcrumb\",\"itemListElement\":[{\"@type\":\"ListItem\",\"position\":1,\"name\":\"Accueil\",\"item\":\"http:\/\/www.fb-creations-web.com\/\"},{\"@type\":\"ListItem\",\"position\":2,\"name\":\"Site Internet\"}]},{\"@type\":\"WebSite\",\"@id\":\"http:\/\/www.fb-creations-web.com\/#website\",\"url\":\"http:\/\/www.fb-creations-web.com\/\",\"name\":\"FB Cr\u00e9ations Web - Informatique en Montagnes du Giffre\",\"description\":\"L&#039;informatique dans la vall\u00e9e du Giffre\",\"publisher\":{\"@id\":\"http:\/\/www.fb-creations-web.com\/#organization\"},\"potentialAction\":[{\"@type\":\"SearchAction\",\"target\":{\"@type\":\"EntryPoint\",\"urlTemplate\":\"http:\/\/www.fb-creations-web.com\/?s={search_term_string}\"},\"query-input\":{\"@type\":\"PropertyValueSpecification\",\"valueRequired\":true,\"valueName\":\"search_term_string\"}}],\"inLanguage\":\"fr-FR\"},{\"@type\":\"Organization\",\"@id\":\"http:\/\/www.fb-creations-web.com\/#organization\",\"name\":\"FB Cr\u00e9ations Web\",\"url\":\"http:\/\/www.fb-creations-web.com\/\",\"logo\":{\"@type\":\"ImageObject\",\"inLanguage\":\"fr-FR\",\"@id\":\"http:\/\/www.fb-creations-web.com\/#\/schema\/logo\/image\/\",\"url\":\"https:\/\/www.fb-creations-web.com\/wp-content\/uploads\/2018\/03\/Logo_site.png\",\"contentUrl\":\"https:\/\/www.fb-creations-web.com\/wp-content\/uploads\/2018\/03\/Logo_site.png\",\"width\":512,\"height\":512,\"caption\":\"FB Cr\u00e9ations Web\"},\"image\":{\"@id\":\"http:\/\/www.fb-creations-web.com\/#\/schema\/logo\/image\/\"},\"sameAs\":[\"https:\/\/www.facebook.com\/informatiquedugiffre\"]}]}<\/script>\n<!-- \/ Yoast SEO plugin. -->","yoast_head_json":{"title":"Site Internet - FB Cr\u00e9ations Web","robots":{"index":"index","follow":"follow","max-snippet":"max-snippet:-1","max-image-preview":"max-image-preview:large","max-video-preview":"max-video-preview:-1"},"canonical":"http:\/\/www.fb-creations-web.com\/index.php\/site-internet\/","og_locale":"fr_FR","og_type":"article","og_title":"Site Internet - FB Cr\u00e9ations Web","og_description":"jfjf,jk","og_url":"http:\/\/www.fb-creations-web.com\/index.php\/site-internet\/","og_site_name":"FB Cr\u00e9ations Web","article_publisher":"https:\/\/www.facebook.com\/informatiquedugiffre","article_modified_time":"2018-08-23T16:30:46+00:00","twitter_card":"summary_large_image","twitter_misc":{"Dur\u00e9e de lecture estim\u00e9e":"2 minutes"},"schema":{"@context":"https:\/\/schema.org","@graph":[{"@type":"WebPage","@id":"http:\/\/www.fb-creations-web.com\/index.php\/site-internet\/","url":"http:\/\/www.fb-creations-web.com\/index.php\/site-internet\/","name":"Site Internet - FB Cr\u00e9ations Web","isPartOf":{"@id":"http:\/\/www.fb-creations-web.com\/#website"},"datePublished":"2018-03-15T21:04:31+00:00","dateModified":"2018-08-23T16:30:46+00:00","breadcrumb":{"@id":"http:\/\/www.fb-creations-web.com\/index.php\/site-internet\/#breadcrumb"},"inLanguage":"fr-FR","potentialAction":[{"@type":"ReadAction","target":["http:\/\/www.fb-creations-web.com\/index.php\/site-internet\/"]}]},{"@type":"BreadcrumbList","@id":"http:\/\/www.fb-creations-web.com\/index.php\/site-internet\/#breadcrumb","itemListElement":[{"@type":"ListItem","position":1,"name":"Accueil","item":"http:\/\/www.fb-creations-web.com\/"},{"@type":"ListItem","position":2,"name":"Site Internet"}]},{"@type":"WebSite","@id":"http:\/\/www.fb-creations-web.com\/#website","url":"http:\/\/www.fb-creations-web.com\/","name":"FB Cr\u00e9ations Web - Informatique en Montagnes du Giffre","description":"L&#039;informatique dans la vall\u00e9e du Giffre","publisher":{"@id":"http:\/\/www.fb-creations-web.com\/#organization"},"potentialAction":[{"@type":"SearchAction","target":{"@type":"EntryPoint","urlTemplate":"http:\/\/www.fb-creations-web.com\/?s={search_term_string}"},"query-input":{"@type":"PropertyValueSpecification","valueRequired":true,"valueName":"search_term_string"}}],"inLanguage":"fr-FR"},{"@type":"Organization","@id":"http:\/\/www.fb-creations-web.com\/#organization","name":"FB Cr\u00e9ations Web","url":"http:\/\/www.fb-creations-web.com\/","logo":{"@type":"ImageObject","inLanguage":"fr-FR","@id":"http:\/\/www.fb-creations-web.com\/#\/schema\/logo\/image\/","url":"https:\/\/www.fb-creations-web.com\/wp-content\/uploads\/2018\/03\/Logo_site.png","contentUrl":"https:\/\/www.fb-creations-web.com\/wp-content\/uploads\/2018\/03\/Logo_site.png","width":512,"height":512,"caption":"FB Cr\u00e9ations Web"},"image":{"@id":"http:\/\/www.fb-creations-web.com\/#\/schema\/logo\/image\/"},"sameAs":["https:\/\/www.facebook.com\/informatiquedugiffre"]}]}},"_links":{"self":[{"href":"http:\/\/www.fb-creations-web.com\/index.php\/wp-json\/wp\/v2\/pages\/21","targetHints":{"allow":["GET"]}}],"collection":[{"href":"http:\/\/www.fb-creations-web.com\/index.php\/wp-json\/wp\/v2\/pages"}],"about":[{"href":"http:\/\/www.fb-creations-web.com\/index.php\/wp-json\/wp\/v2\/types\/page"}],"author":[{"embeddable":true,"href":"http:\/\/www.fb-creations-web.com\/index.php\/wp-json\/wp\/v2\/users\/1"}],"replies":[{"embeddable":true,"href":"http:\/\/www.fb-creations-web.com\/index.php\/wp-json\/wp\/v2\/comments?post=21"}],"version-history":[{"count":12,"href":"http:\/\/www.fb-creations-web.com\/index.php\/wp-json\/wp\/v2\/pages\/21\/revisions"}],"predecessor-version":[{"id":231,"href":"http:\/\/www.fb-creations-web.com\/index.php\/wp-json\/wp\/v2\/pages\/21\/revisions\/231"}],"wp:attachment":[{"href":"http:\/\/www.fb-creations-web.com\/index.php\/wp-json\/wp\/v2\/media?parent=21"}],"curies":[{"name":"wp","href":"https:\/\/api.w.org\/{rel}","templated":true}]}}