{"id":19,"date":"2018-03-15T22:04:31","date_gmt":"2018-03-15T21:04:31","guid":{"rendered":"http:\/\/www.fb-creations-web.com\/?page_id=19"},"modified":"2018-08-21T20:56:25","modified_gmt":"2018-08-21T18:56:25","slug":"depannage","status":"publish","type":"page","link":"http:\/\/www.fb-creations-web.com\/index.php\/depannage\/","title":{"rendered":"D\u00e9pannage"},"content":{"rendered":"<p>[et_pb_section fb_built=\u00a0\u00bb1&Prime; _builder_version=\u00a0\u00bb3.0.106&Prime; background_image=\u00a0\u00bbhttp:\/\/www.fb-creations-web.com\/wp-content\/uploads\/2018\/03\/cartemere_web.jpg\u00a0\u00bb custom_padding=\u00a0\u00bb80px|0px|80px|0px\u00a0\u00bb saved_tabs=\u00a0\u00bball\u00a0\u00bb][et_pb_row use_custom_width=\u00a0\u00bbon\u00a0\u00bb custom_width_px=\u00a0\u00bb500px\u00a0\u00bb background_color=\u00a0\u00bbrgba(0,0,0,0.29)\u00a0\u00bb _builder_version=\u00a0\u00bb3.0.106&Prime; background_size=\u00a0\u00bbinitial\u00a0\u00bb background_position=\u00a0\u00bbtop_left\u00a0\u00bb background_repeat=\u00a0\u00bbrepeat\u00a0\u00bb border_radii=\u00a0\u00bbon|10px|10px|10px|10px\u00a0\u00bb border_width_all=\u00a0\u00bb3px\u00a0\u00bb border_color_all=\u00a0\u00bb#ffffff\u00a0\u00bb module_alignment=\u00a0\u00bbcenter\u00a0\u00bb][et_pb_column type=\u00a0\u00bb4_4&Prime; _builder_version=\u00a0\u00bb3.0.47&Prime; parallax=\u00a0\u00bboff\u00a0\u00bb parallax_method=\u00a0\u00bbon\u00a0\u00bb][et_pb_text background_layout=\u00a0\u00bbdark\u00a0\u00bb _builder_version=\u00a0\u00bb3.0.106&Prime; text_font=\u00a0\u00bbAdamina|700|||||||\u00a0\u00bb text_font_size=\u00a0\u00bb18px\u00a0\u00bb]<\/p>\n<h1 style=\"text-align: center;\">D\u00e9pannage<\/h1>\n<p>[\/et_pb_text][\/et_pb_column][\/et_pb_row][\/et_pb_section][et_pb_section fb_built=\u00a0\u00bb1&Prime; _builder_version=\u00a0\u00bb3.0.106&Prime;][et_pb_row _builder_version=\u00a0\u00bb3.0.106&Prime;][et_pb_column type=\u00a0\u00bb4_4&Prime; _builder_version=\u00a0\u00bb3.0.106&Prime; parallax=\u00a0\u00bboff\u00a0\u00bb parallax_method=\u00a0\u00bbon\u00a0\u00bb][et_pb_text _builder_version=\u00a0\u00bb3.0.106&Prime;]<\/p>\n<h2>D\u00e9pannage Mac et PC<\/h2>\n<p>Votre PC est lent? Il affiche beaucoup de publicit\u00e9s non d\u00e9sir\u00e9es? Il faut surement effectuer une d\u00e9sinfection!<\/p>\n<p>Ecran qui ne fonctionne plus, ordinateur qui ne d\u00e9marre plus, qui est tomb\u00e9?<\/p>\n<p>Je r\u00e9pare les pannes mat\u00e9rielles et logicielles, sur Mac et PC. Les interventions peuvent se faire sur site ou dans mes locaux, \u00e0 Mieussy.<\/p>\n<p>Ci-dessous un aper\u00e7u des prestations propos\u00e9es et des tarifs.<\/p>\n<p>[\/et_pb_text][\/et_pb_column][\/et_pb_row][et_pb_row _builder_version=\u00a0\u00bb3.0.106&Prime;][et_pb_column type=\u00a0\u00bb1_3&Prime; _builder_version=\u00a0\u00bb3.0.106&Prime; parallax=\u00a0\u00bboff\u00a0\u00bb parallax_method=\u00a0\u00bbon\u00a0\u00bb][et_pb_pricing_tables _builder_version=\u00a0\u00bb3.0.106&Prime; header_font=\u00a0\u00bb||||||||\u00a0\u00bb body_font=\u00a0\u00bb||||||||\u00a0\u00bb currency_frequency_font=\u00a0\u00bb||||||||\u00a0\u00bb price_font=\u00a0\u00bb|600|on||||||\u00a0\u00bb price_text_align=\u00a0\u00bbcenter\u00a0\u00bb price_letter_spacing=\u00a0\u00bb4px\u00a0\u00bb price_line_height=\u00a0\u00bb47px\u00a0\u00bb price_text_shadow_style=\u00a0\u00bbpreset4&Prime; price_text_shadow_vertical_length=\u00a0\u00bb0em\u00a0\u00bb price_text_shadow_color=\u00a0\u00bb#1069be\u00a0\u00bb custom_button=\u00a0\u00bbon\u00a0\u00bb button_text_size=\u00a0\u00bb14px\u00a0\u00bb button_bg_color=\u00a0\u00bbrgba(5,20,82,0.78)\u00a0\u00bb button_border_width=\u00a0\u00bb2px\u00a0\u00bb button_border_radius=\u00a0\u00bb8px\u00a0\u00bb button_font=\u00a0\u00bb||||||||\u00a0\u00bb button_use_icon=\u00a0\u00bboff\u00a0\u00bb][et_pb_pricing_table title=\u00a0\u00bbD\u00e9sinfection de l&rsquo;ordinateur\u00a0\u00bb sum=\u00a0\u00bb65\u20ac\u00a0\u00bb _builder_version=\u00a0\u00bb3.0.106&Prime; header_level=\u00a0\u00bbh2&Prime; header_font=\u00a0\u00bb||||||||\u00a0\u00bb price_font=\u00a0\u00bb|600|on||||||\u00a0\u00bb price_font_size=\u00a0\u00bb60px\u00a0\u00bb parallax=\u00a0\u00bbon\u00a0\u00bb parallax_method=\u00a0\u00bboff\u00a0\u00bb custom_button=\u00a0\u00bboff\u00a0\u00bb]<\/p>\n<p>Nettoyage logiciel (virus\/malwares)<\/p>\n<p>Nettoyage logiciel superflus<\/p>\n<p><em>Mises \u00e0 jour compl\u00e8tes + 30\u20ac<\/em><\/p>\n<p>[\/et_pb_pricing_table][\/et_pb_pricing_tables][et_pb_pricing_tables _builder_version=\u00a0\u00bb3.0.106&Prime; header_font=\u00a0\u00bb||||||||\u00a0\u00bb header_font_size=\u00a0\u00bb25px\u00a0\u00bb body_font=\u00a0\u00bb||||||||\u00a0\u00bb currency_frequency_font=\u00a0\u00bb||||||||\u00a0\u00bb price_font=\u00a0\u00bb|600|on||||||\u00a0\u00bb price_text_align=\u00a0\u00bbcenter\u00a0\u00bb price_font_size=\u00a0\u00bb41px\u00a0\u00bb price_letter_spacing=\u00a0\u00bb4px\u00a0\u00bb price_line_height=\u00a0\u00bb47px\u00a0\u00bb custom_button=\u00a0\u00bbon\u00a0\u00bb button_text_size=\u00a0\u00bb14px\u00a0\u00bb button_bg_color=\u00a0\u00bbrgba(5,20,82,0.78)\u00a0\u00bb button_border_radius=\u00a0\u00bb8px\u00a0\u00bb button_font=\u00a0\u00bb||||||||\u00a0\u00bb][et_pb_pricing_table title=\u00a0\u00bbR\u00e9cup\u00e9ration de donn\u00e9es\u00a0\u00bb sum=\u00a0\u00bbSur devis\u00a0\u00bb button_text=\u00a0\u00bbContacter moi\u00a0\u00bb _builder_version=\u00a0\u00bb3.0.106&Prime; custom_button=\u00a0\u00bbon\u00a0\u00bb button_text_size=\u00a0\u00bb38px\u00a0\u00bb button_text_color=\u00a0\u00bb#e02b20&Prime; button_font=\u00a0\u00bb||||||||\u00a0\u00bb][\/et_pb_pricing_table][\/et_pb_pricing_tables][\/et_pb_column][et_pb_column type=\u00a0\u00bb1_3&Prime; _builder_version=\u00a0\u00bb3.0.106&Prime; parallax=\u00a0\u00bboff\u00a0\u00bb parallax_method=\u00a0\u00bbon\u00a0\u00bb][et_pb_pricing_tables _builder_version=\u00a0\u00bb3.0.106&Prime; header_font=\u00a0\u00bb||||||||\u00a0\u00bb body_font=\u00a0\u00bb||||||||\u00a0\u00bb price_font=\u00a0\u00bb|600|on||||||\u00a0\u00bb price_text_align=\u00a0\u00bbcenter\u00a0\u00bb price_letter_spacing=\u00a0\u00bb4px\u00a0\u00bb price_line_height=\u00a0\u00bb47px\u00a0\u00bb price_text_shadow_style=\u00a0\u00bbpreset4&Prime; price_text_shadow_vertical_length=\u00a0\u00bb0em\u00a0\u00bb price_text_shadow_color=\u00a0\u00bb#1069be\u00a0\u00bb custom_button=\u00a0\u00bbon\u00a0\u00bb button_text_size=\u00a0\u00bb14px\u00a0\u00bb button_bg_color=\u00a0\u00bbrgba(5,20,82,0.78)\u00a0\u00bb button_border_width=\u00a0\u00bb2px\u00a0\u00bb button_border_radius=\u00a0\u00bb8px\u00a0\u00bb button_font=\u00a0\u00bb||||||||\u00a0\u00bb button_use_icon=\u00a0\u00bboff\u00a0\u00bb][et_pb_pricing_table title=\u00a0\u00bbRestauration Windows\/OSX\u00a0\u00bb sum=\u00a0\u00bb45\u20ac\u00a0\u00bb button_text=\u00a0\u00bbContacter moi\u00a0\u00bb _builder_version=\u00a0\u00bb3.0.106&Prime; header_font=\u00a0\u00bb||||||||\u00a0\u00bb currency_frequency_font=\u00a0\u00bb||||||||\u00a0\u00bb currency_frequency_font_size=\u00a0\u00bb15px\u00a0\u00bb currency_frequency_text_color=\u00a0\u00bb#e09900&Prime; price_font=\u00a0\u00bb|600|on||||||\u00a0\u00bb price_font_size=\u00a0\u00bb60px\u00a0\u00bb custom_button=\u00a0\u00bbon\u00a0\u00bb button_text_size=\u00a0\u00bb38px\u00a0\u00bb button_text_color=\u00a0\u00bb#e02b20&Prime; button_font=\u00a0\u00bb||||||||\u00a0\u00bb]<\/p>\n<p>Restauration depuis une sauvegarde (fournie par le client).<\/p>\n<p>[\/et_pb_pricing_table][\/et_pb_pricing_tables][et_pb_pricing_tables _builder_version=\u00a0\u00bb3.0.106&Prime; header_font=\u00a0\u00bb||||||||\u00a0\u00bb body_font=\u00a0\u00bb||||||||\u00a0\u00bb body_text_align=\u00a0\u00bbcenter\u00a0\u00bb body_font_size=\u00a0\u00bb13px\u00a0\u00bb body_line_height=\u00a0\u00bb1px\u00a0\u00bb price_font=\u00a0\u00bb|600|on||||||\u00a0\u00bb price_text_align=\u00a0\u00bbcenter\u00a0\u00bb price_letter_spacing=\u00a0\u00bb4px\u00a0\u00bb price_line_height=\u00a0\u00bb47px\u00a0\u00bb background_image=\u00a0\u00bbhttp:\/\/www.fb-creations-web.com\/wp-content\/uploads\/2018\/04\/sauvegarde-restauration-de-donnees.jpg\u00a0\u00bb background_size=\u00a0\u00bbinitial\u00a0\u00bb custom_button=\u00a0\u00bbon\u00a0\u00bb button_text_size=\u00a0\u00bb14px\u00a0\u00bb button_bg_color=\u00a0\u00bbrgba(5,20,82,0.78)\u00a0\u00bb button_border_radius=\u00a0\u00bb8px\u00a0\u00bb button_font=\u00a0\u00bb||||||||\u00a0\u00bb][et_pb_pricing_table title=\u00a0\u00bbSauvegarde de donn\u00e9es\u00a0\u00bb currency=\u00a0\u00bbA partir de\u00a0\u00bb sum=\u00a0\u00bb45\u20ac\u00a0\u00bb _builder_version=\u00a0\u00bb3.0.106&Prime; body_font=\u00a0\u00bbPassion One||||||||\u00a0\u00bb body_font_size=\u00a0\u00bb29px\u00a0\u00bb currency_frequency_font=\u00a0\u00bb||||||||\u00a0\u00bb currency_frequency_text_color=\u00a0\u00bb#e02b20&Prime; price_font=\u00a0\u00bb|600|on||||||\u00a0\u00bb background_image=\u00a0\u00bbhttp:\/\/192.168.0.34:8888\/FB%20Cre%CC%81ations\/web\/wp-content\/uploads\/2018\/04\/cartemere_web2.jpg\u00a0\u00bb background_size=\u00a0\u00bbcontain\u00a0\u00bb background_position=\u00a0\u00bbtop_left\u00a0\u00bb custom_button=\u00a0\u00bboff\u00a0\u00bb]<\/p>\n<p>Jusqu&rsquo;\u00e0 30Go<\/p>\n<p>70\u20ac jusqu&rsquo;\u00e0 100 Go<\/p>\n<p>Au del\u00e0, 120\u20ac<\/p>\n<p>[\/et_pb_pricing_table][\/et_pb_pricing_tables][\/et_pb_column][et_pb_column type=\u00a0\u00bb1_3&Prime; _builder_version=\u00a0\u00bb3.0.106&Prime; parallax=\u00a0\u00bboff\u00a0\u00bb parallax_method=\u00a0\u00bbon\u00a0\u00bb][et_pb_pricing_tables _builder_version=\u00a0\u00bb3.0.106&Prime; header_font=\u00a0\u00bb||||||||\u00a0\u00bb body_font=\u00a0\u00bb||||||||\u00a0\u00bb price_font=\u00a0\u00bb|600|on||||||\u00a0\u00bb price_text_align=\u00a0\u00bbcenter\u00a0\u00bb price_letter_spacing=\u00a0\u00bb4px\u00a0\u00bb price_line_height=\u00a0\u00bb47px\u00a0\u00bb price_text_shadow_style=\u00a0\u00bbpreset4&Prime; price_text_shadow_vertical_length=\u00a0\u00bb0em\u00a0\u00bb price_text_shadow_color=\u00a0\u00bb#1069be\u00a0\u00bb custom_button=\u00a0\u00bbon\u00a0\u00bb button_text_size=\u00a0\u00bb14px\u00a0\u00bb button_bg_color=\u00a0\u00bbrgba(5,20,82,0.78)\u00a0\u00bb button_border_width=\u00a0\u00bb2px\u00a0\u00bb button_border_radius=\u00a0\u00bb8px\u00a0\u00bb button_font=\u00a0\u00bb||||||||\u00a0\u00bb button_use_icon=\u00a0\u00bboff\u00a0\u00bb][et_pb_pricing_table title=\u00a0\u00bbR\u00e9installation Windows\/OSX\u00a0\u00bb sum=\u00a0\u00bb70\u20ac\u00a0\u00bb button_text=\u00a0\u00bbContacter moi\u00a0\u00bb _builder_version=\u00a0\u00bb3.0.106&Prime; header_font=\u00a0\u00bb||||||||\u00a0\u00bb currency_frequency_font=\u00a0\u00bb||||||||\u00a0\u00bb currency_frequency_font_size=\u00a0\u00bb15px\u00a0\u00bb currency_frequency_text_color=\u00a0\u00bb#e09900&Prime; price_font=\u00a0\u00bb|600|on||||||\u00a0\u00bb price_font_size=\u00a0\u00bb60px\u00a0\u00bb custom_button=\u00a0\u00bbon\u00a0\u00bb button_text_size=\u00a0\u00bb38px\u00a0\u00bb button_text_color=\u00a0\u00bb#e02b20&Prime; button_font=\u00a0\u00bb||||||||\u00a0\u00bb]<\/p>\n<p>Installation \u00e0 neuf de Windows<\/p>\n<p>Ou installation \u00e0 neuf de MacOsX<\/p>\n<p>Installation pack logiciels + 40\u20ac<\/p>\n<p>[\/et_pb_pricing_table][\/et_pb_pricing_tables][et_pb_pricing_tables _builder_version=\u00a0\u00bb3.0.106&Prime; header_font=\u00a0\u00bb||||||||\u00a0\u00bb header_font_size=\u00a0\u00bb25px\u00a0\u00bb body_font=\u00a0\u00bb||||||||\u00a0\u00bb currency_frequency_font=\u00a0\u00bb||||||||\u00a0\u00bb price_font=\u00a0\u00bb|600|on||||||\u00a0\u00bb price_text_align=\u00a0\u00bbcenter\u00a0\u00bb price_font_size=\u00a0\u00bb41px\u00a0\u00bb price_letter_spacing=\u00a0\u00bb4px\u00a0\u00bb price_line_height=\u00a0\u00bb47px\u00a0\u00bb custom_button=\u00a0\u00bbon\u00a0\u00bb button_text_size=\u00a0\u00bb14px\u00a0\u00bb button_bg_color=\u00a0\u00bbrgba(5,20,82,0.78)\u00a0\u00bb button_border_radius=\u00a0\u00bb8px\u00a0\u00bb button_font=\u00a0\u00bb||||||||\u00a0\u00bb][et_pb_pricing_table title=\u00a0\u00bbAutres interventions\u00a0\u00bb sum=\u00a0\u00bb45\u20ac \/h\u00a0\u00bb button_text=\u00a0\u00bbContacter moi\u00a0\u00bb _builder_version=\u00a0\u00bb3.0.106&Prime; price_font=\u00a0\u00bb|600|on||||||\u00a0\u00bb price_font_size=\u00a0\u00bb60px\u00a0\u00bb custom_button=\u00a0\u00bbon\u00a0\u00bb button_text_size=\u00a0\u00bb38px\u00a0\u00bb button_text_color=\u00a0\u00bb#e02b20&Prime; button_font=\u00a0\u00bb||||||||\u00a0\u00bb]<\/p>\n<p>Configuration, d\u00e9pannage divers.<\/p>\n<p>Assistance<\/p>\n<p>[\/et_pb_pricing_table][\/et_pb_pricing_tables][\/et_pb_column][\/et_pb_row][\/et_pb_section]<\/p>\n","protected":false},"excerpt":{"rendered":"<p>D\u00e9pannageD\u00e9pannage Mac et PC Votre PC est lent? Il affiche beaucoup de publicit\u00e9s non d\u00e9sir\u00e9es? Il faut surement effectuer une d\u00e9sinfection! Ecran qui ne fonctionne plus, ordinateur qui ne d\u00e9marre plus, qui est tomb\u00e9? Je r\u00e9pare les pannes mat\u00e9rielles et logicielles, sur Mac et PC. Les interventions peuvent se faire sur site ou dans mes [&hellip;]<\/p>\n","protected":false},"author":1,"featured_media":0,"parent":0,"menu_order":0,"comment_status":"closed","ping_status":"closed","template":"","meta":{"_et_pb_use_builder":"on","_et_pb_old_content":"","_et_gb_content_width":"","footnotes":""},"class_list":["post-19","page","type-page","status-publish","hentry"],"yoast_head":"<!-- This site is optimized with the Yoast SEO plugin v25.7 - https:\/\/yoast.com\/wordpress\/plugins\/seo\/ -->\n<title>D\u00e9pannage - FB Cr\u00e9ations Web<\/title>\n<meta name=\"robots\" content=\"index, follow, max-snippet:-1, max-image-preview:large, max-video-preview:-1\" \/>\n<link rel=\"canonical\" href=\"http:\/\/www.fb-creations-web.com\/index.php\/depannage\/\" \/>\n<meta property=\"og:locale\" content=\"fr_FR\" \/>\n<meta property=\"og:type\" content=\"article\" \/>\n<meta property=\"og:title\" content=\"D\u00e9pannage - FB Cr\u00e9ations Web\" \/>\n<meta property=\"og:description\" content=\"D\u00e9pannageD\u00e9pannage Mac et PC Votre PC est lent? Il affiche beaucoup de publicit\u00e9s non d\u00e9sir\u00e9es? Il faut surement effectuer une d\u00e9sinfection! Ecran qui ne fonctionne plus, ordinateur qui ne d\u00e9marre plus, qui est tomb\u00e9? Je r\u00e9pare les pannes mat\u00e9rielles et logicielles, sur Mac et PC. Les interventions peuvent se faire sur site ou dans mes [&hellip;]\" \/>\n<meta property=\"og:url\" content=\"http:\/\/www.fb-creations-web.com\/index.php\/depannage\/\" \/>\n<meta property=\"og:site_name\" content=\"FB Cr\u00e9ations Web\" \/>\n<meta property=\"article:publisher\" content=\"https:\/\/www.facebook.com\/informatiquedugiffre\" \/>\n<meta property=\"article:modified_time\" content=\"2018-08-21T18:56:25+00:00\" \/>\n<meta name=\"twitter:card\" content=\"summary_large_image\" \/>\n<meta name=\"twitter:label1\" content=\"Dur\u00e9e de lecture estim\u00e9e\" \/>\n\t<meta name=\"twitter:data1\" content=\"5 minutes\" \/>\n<script type=\"application\/ld+json\" class=\"yoast-schema-graph\">{\"@context\":\"https:\/\/schema.org\",\"@graph\":[{\"@type\":\"WebPage\",\"@id\":\"http:\/\/www.fb-creations-web.com\/index.php\/depannage\/\",\"url\":\"http:\/\/www.fb-creations-web.com\/index.php\/depannage\/\",\"name\":\"D\u00e9pannage - FB Cr\u00e9ations Web\",\"isPartOf\":{\"@id\":\"http:\/\/www.fb-creations-web.com\/#website\"},\"datePublished\":\"2018-03-15T21:04:31+00:00\",\"dateModified\":\"2018-08-21T18:56:25+00:00\",\"breadcrumb\":{\"@id\":\"http:\/\/www.fb-creations-web.com\/index.php\/depannage\/#breadcrumb\"},\"inLanguage\":\"fr-FR\",\"potentialAction\":[{\"@type\":\"ReadAction\",\"target\":[\"http:\/\/www.fb-creations-web.com\/index.php\/depannage\/\"]}]},{\"@type\":\"BreadcrumbList\",\"@id\":\"http:\/\/www.fb-creations-web.com\/index.php\/depannage\/#breadcrumb\",\"itemListElement\":[{\"@type\":\"ListItem\",\"position\":1,\"name\":\"Accueil\",\"item\":\"http:\/\/www.fb-creations-web.com\/\"},{\"@type\":\"ListItem\",\"position\":2,\"name\":\"D\u00e9pannage\"}]},{\"@type\":\"WebSite\",\"@id\":\"http:\/\/www.fb-creations-web.com\/#website\",\"url\":\"http:\/\/www.fb-creations-web.com\/\",\"name\":\"FB Cr\u00e9ations Web - Informatique en Montagnes du Giffre\",\"description\":\"L&#039;informatique dans la vall\u00e9e du Giffre\",\"publisher\":{\"@id\":\"http:\/\/www.fb-creations-web.com\/#organization\"},\"potentialAction\":[{\"@type\":\"SearchAction\",\"target\":{\"@type\":\"EntryPoint\",\"urlTemplate\":\"http:\/\/www.fb-creations-web.com\/?s={search_term_string}\"},\"query-input\":{\"@type\":\"PropertyValueSpecification\",\"valueRequired\":true,\"valueName\":\"search_term_string\"}}],\"inLanguage\":\"fr-FR\"},{\"@type\":\"Organization\",\"@id\":\"http:\/\/www.fb-creations-web.com\/#organization\",\"name\":\"FB Cr\u00e9ations Web\",\"url\":\"http:\/\/www.fb-creations-web.com\/\",\"logo\":{\"@type\":\"ImageObject\",\"inLanguage\":\"fr-FR\",\"@id\":\"http:\/\/www.fb-creations-web.com\/#\/schema\/logo\/image\/\",\"url\":\"https:\/\/www.fb-creations-web.com\/wp-content\/uploads\/2018\/03\/Logo_site.png\",\"contentUrl\":\"https:\/\/www.fb-creations-web.com\/wp-content\/uploads\/2018\/03\/Logo_site.png\",\"width\":512,\"height\":512,\"caption\":\"FB Cr\u00e9ations Web\"},\"image\":{\"@id\":\"http:\/\/www.fb-creations-web.com\/#\/schema\/logo\/image\/\"},\"sameAs\":[\"https:\/\/www.facebook.com\/informatiquedugiffre\"]}]}<\/script>\n<!-- \/ Yoast SEO plugin. -->","yoast_head_json":{"title":"D\u00e9pannage - FB Cr\u00e9ations Web","robots":{"index":"index","follow":"follow","max-snippet":"max-snippet:-1","max-image-preview":"max-image-preview:large","max-video-preview":"max-video-preview:-1"},"canonical":"http:\/\/www.fb-creations-web.com\/index.php\/depannage\/","og_locale":"fr_FR","og_type":"article","og_title":"D\u00e9pannage - FB Cr\u00e9ations Web","og_description":"D\u00e9pannageD\u00e9pannage Mac et PC Votre PC est lent? Il affiche beaucoup de publicit\u00e9s non d\u00e9sir\u00e9es? Il faut surement effectuer une d\u00e9sinfection! Ecran qui ne fonctionne plus, ordinateur qui ne d\u00e9marre plus, qui est tomb\u00e9? Je r\u00e9pare les pannes mat\u00e9rielles et logicielles, sur Mac et PC. Les interventions peuvent se faire sur site ou dans mes [&hellip;]","og_url":"http:\/\/www.fb-creations-web.com\/index.php\/depannage\/","og_site_name":"FB Cr\u00e9ations Web","article_publisher":"https:\/\/www.facebook.com\/informatiquedugiffre","article_modified_time":"2018-08-21T18:56:25+00:00","twitter_card":"summary_large_image","twitter_misc":{"Dur\u00e9e de lecture estim\u00e9e":"5 minutes"},"schema":{"@context":"https:\/\/schema.org","@graph":[{"@type":"WebPage","@id":"http:\/\/www.fb-creations-web.com\/index.php\/depannage\/","url":"http:\/\/www.fb-creations-web.com\/index.php\/depannage\/","name":"D\u00e9pannage - FB Cr\u00e9ations Web","isPartOf":{"@id":"http:\/\/www.fb-creations-web.com\/#website"},"datePublished":"2018-03-15T21:04:31+00:00","dateModified":"2018-08-21T18:56:25+00:00","breadcrumb":{"@id":"http:\/\/www.fb-creations-web.com\/index.php\/depannage\/#breadcrumb"},"inLanguage":"fr-FR","potentialAction":[{"@type":"ReadAction","target":["http:\/\/www.fb-creations-web.com\/index.php\/depannage\/"]}]},{"@type":"BreadcrumbList","@id":"http:\/\/www.fb-creations-web.com\/index.php\/depannage\/#breadcrumb","itemListElement":[{"@type":"ListItem","position":1,"name":"Accueil","item":"http:\/\/www.fb-creations-web.com\/"},{"@type":"ListItem","position":2,"name":"D\u00e9pannage"}]},{"@type":"WebSite","@id":"http:\/\/www.fb-creations-web.com\/#website","url":"http:\/\/www.fb-creations-web.com\/","name":"FB Cr\u00e9ations Web - Informatique en Montagnes du Giffre","description":"L&#039;informatique dans la vall\u00e9e du Giffre","publisher":{"@id":"http:\/\/www.fb-creations-web.com\/#organization"},"potentialAction":[{"@type":"SearchAction","target":{"@type":"EntryPoint","urlTemplate":"http:\/\/www.fb-creations-web.com\/?s={search_term_string}"},"query-input":{"@type":"PropertyValueSpecification","valueRequired":true,"valueName":"search_term_string"}}],"inLanguage":"fr-FR"},{"@type":"Organization","@id":"http:\/\/www.fb-creations-web.com\/#organization","name":"FB Cr\u00e9ations Web","url":"http:\/\/www.fb-creations-web.com\/","logo":{"@type":"ImageObject","inLanguage":"fr-FR","@id":"http:\/\/www.fb-creations-web.com\/#\/schema\/logo\/image\/","url":"https:\/\/www.fb-creations-web.com\/wp-content\/uploads\/2018\/03\/Logo_site.png","contentUrl":"https:\/\/www.fb-creations-web.com\/wp-content\/uploads\/2018\/03\/Logo_site.png","width":512,"height":512,"caption":"FB Cr\u00e9ations Web"},"image":{"@id":"http:\/\/www.fb-creations-web.com\/#\/schema\/logo\/image\/"},"sameAs":["https:\/\/www.facebook.com\/informatiquedugiffre"]}]}},"_links":{"self":[{"href":"http:\/\/www.fb-creations-web.com\/index.php\/wp-json\/wp\/v2\/pages\/19","targetHints":{"allow":["GET"]}}],"collection":[{"href":"http:\/\/www.fb-creations-web.com\/index.php\/wp-json\/wp\/v2\/pages"}],"about":[{"href":"http:\/\/www.fb-creations-web.com\/index.php\/wp-json\/wp\/v2\/types\/page"}],"author":[{"embeddable":true,"href":"http:\/\/www.fb-creations-web.com\/index.php\/wp-json\/wp\/v2\/users\/1"}],"replies":[{"embeddable":true,"href":"http:\/\/www.fb-creations-web.com\/index.php\/wp-json\/wp\/v2\/comments?post=19"}],"version-history":[{"count":23,"href":"http:\/\/www.fb-creations-web.com\/index.php\/wp-json\/wp\/v2\/pages\/19\/revisions"}],"predecessor-version":[{"id":186,"href":"http:\/\/www.fb-creations-web.com\/index.php\/wp-json\/wp\/v2\/pages\/19\/revisions\/186"}],"wp:attachment":[{"href":"http:\/\/www.fb-creations-web.com\/index.php\/wp-json\/wp\/v2\/media?parent=19"}],"curies":[{"name":"wp","href":"https:\/\/api.w.org\/{rel}","templated":true}]}}