{"id":10,"date":"2018-03-15T21:54:25","date_gmt":"2018-03-15T20:54:25","guid":{"rendered":"http:\/\/www.fb-creations-web.com\/?page_id=10"},"modified":"2023-06-25T22:46:05","modified_gmt":"2023-06-25T20:46:05","slug":"accueil","status":"publish","type":"page","link":"http:\/\/www.fb-creations-web.com\/","title":{"rendered":"Accueil"},"content":{"rendered":"<p>[et_pb_section fb_built=\u00a0\u00bb1&Prime; admin_label=\u00a0\u00bbsection\u00a0\u00bb _builder_version=\u00a0\u00bb3.22&Prime; background_image=\u00a0\u00bbhttp:\/\/www.fb-creations-web.com\/wp-content\/uploads\/2018\/03\/Vallee-du-Giffre-et-Mont-Blanc_banner.jpg\u00a0\u00bb custom_padding=\u00a0\u00bb122px|0px|96px|0px\u00a0\u00bb][et_pb_row admin_label=\u00a0\u00bbrow\u00a0\u00bb _builder_version=\u00a0\u00bb3.25&Prime; background_color=\u00a0\u00bbrgba(0,0,0,0.29)\u00a0\u00bb background_size=\u00a0\u00bbinitial\u00a0\u00bb background_position=\u00a0\u00bbtop_left\u00a0\u00bb background_repeat=\u00a0\u00bbrepeat\u00a0\u00bb max_width=\u00a0\u00bb500px\u00a0\u00bb custom_padding=\u00a0\u00bb27px|0px|18px|0px\u00a0\u00bb animation_style=\u00a0\u00bbslide\u00a0\u00bb animation_direction=\u00a0\u00bbleft\u00a0\u00bb animation_duration=\u00a0\u00bb1200ms\u00a0\u00bb animation_delay=\u00a0\u00bb500ms\u00a0\u00bb border_radii=\u00a0\u00bbon|10px|10px|10px|10px\u00a0\u00bb border_width_all=\u00a0\u00bb3px\u00a0\u00bb border_color_all=\u00a0\u00bb#ffffff\u00a0\u00bb use_custom_width=\u00a0\u00bbon\u00a0\u00bb custom_width_px=\u00a0\u00bb500px\u00a0\u00bb][et_pb_column type=\u00a0\u00bb4_4&Prime; _builder_version=\u00a0\u00bb3.25&Prime; custom_padding=\u00a0\u00bb|||\u00a0\u00bb custom_padding__hover=\u00a0\u00bb|||\u00a0\u00bb][et_pb_text _builder_version=\u00a0\u00bb3.27.4&Prime; text_font=\u00a0\u00bbAdamina|700|||||||\u00a0\u00bb text_font_size=\u00a0\u00bb18px\u00a0\u00bb link_font=\u00a0\u00bb||||||||\u00a0\u00bb ul_font=\u00a0\u00bb||||||||\u00a0\u00bb ol_font=\u00a0\u00bb||||||||\u00a0\u00bb quote_font=\u00a0\u00bb||||||||\u00a0\u00bb background_layout=\u00a0\u00bbdark\u00a0\u00bb]<\/p>\n<h2 style=\"text-align: center;\">FB CREATIONS WEB<\/h2>\n<h3 style=\"text-align: center;\">L&rsquo;informatique en vall\u00e9e du Giffre<\/h3>\n<p>[\/et_pb_text][\/et_pb_column][\/et_pb_row][\/et_pb_section][et_pb_section fb_built=\u00a0\u00bb1&Prime; _builder_version=\u00a0\u00bb3.22&Prime;][et_pb_row module_class=\u00a0\u00bb et_pb_row_fullwidth\u00a0\u00bb _builder_version=\u00a0\u00bb3.25&Prime; width=\u00a0\u00bb89%\u00a0\u00bb width_tablet=\u00a0\u00bb80%\u00a0\u00bb width_phone=\u00a0\u00bb\u00a0\u00bb width_last_edited=\u00a0\u00bbon|desktop\u00a0\u00bb max_width=\u00a0\u00bb89%\u00a0\u00bb max_width_tablet=\u00a0\u00bb80%\u00a0\u00bb max_width_phone=\u00a0\u00bb\u00a0\u00bb max_width_last_edited=\u00a0\u00bbon|desktop\u00a0\u00bb custom_padding=\u00a0\u00bb27px|0|27px|0&Prime; make_fullwidth=\u00a0\u00bbon\u00a0\u00bb][et_pb_column type=\u00a0\u00bb4_4&Prime; _builder_version=\u00a0\u00bb3.25&Prime; custom_padding=\u00a0\u00bb|||\u00a0\u00bb custom_padding__hover=\u00a0\u00bb|||\u00a0\u00bb][et_pb_text _builder_version=\u00a0\u00bb3.27.4&Prime;]<\/p>\n<p>Depuis 2015, FB Cr\u00e9ations web fourni des prestations de service informatique aux particuliers, petites entreprises et collectivit\u00e9s de la vall\u00e9e du Giffre.<\/p>\n<p>Ma priorit\u00e9 est le contact humain et la satisfaction de mes clients. Je m&rsquo;adapte \u00e0 toutes les demandes, du particulier novice en informatique souhaitant apprendre \u00e0 la petite entreprise qui veut optimiser son usage de l&rsquo;outil informatique.<\/p>\n<p>[\/et_pb_text][\/et_pb_column][\/et_pb_row][et_pb_row column_structure=\u00a0\u00bb1_3,1_3,1_3&Prime; _builder_version=\u00a0\u00bb3.25&Prime;][et_pb_column type=\u00a0\u00bb1_3&Prime; _builder_version=\u00a0\u00bb3.25&Prime; custom_padding=\u00a0\u00bb|||\u00a0\u00bb custom_padding__hover=\u00a0\u00bb|||\u00a0\u00bb][et_pb_blurb title=\u00a0\u00bbD\u00e9pannage\u00a0\u00bb use_icon=\u00a0\u00bbon\u00a0\u00bb font_icon=\u00a0\u00bb%%173%%\u00a0\u00bb icon_color=\u00a0\u00bb#1069BF\u00a0\u00bb use_circle=\u00a0\u00bbon\u00a0\u00bb circle_color=\u00a0\u00bbrgba(5,20,82,0.85)\u00a0\u00bb icon_placement=\u00a0\u00bbleft\u00a0\u00bb use_icon_font_size=\u00a0\u00bbon\u00a0\u00bb icon_font_size=\u00a0\u00bb76px\u00a0\u00bb _builder_version=\u00a0\u00bb4.4.8&Prime; _dynamic_attributes=\u00a0\u00bblink_option_url\u00a0\u00bb link_option_url=\u00a0\u00bb@ET-DC@eyJkeW5hbWljIjp0cnVlLCJjb250ZW50IjoicG9zdF9saW5rX3VybF9wYWdlIiwic2V0dGluZ3MiOnsicG9zdF9pZCI6IjE5In19@\u00a0\u00bb]<\/p>\n<p>PC et MAC<\/p>\n<ul>\n<li>Restauration syst\u00e8me<\/li>\n<li>D\u00e9sinfection<\/li>\n<li>Changement mat\u00e9riel<\/li>\n<\/ul>\n<p>[\/et_pb_blurb][\/et_pb_column][et_pb_column type=\u00a0\u00bb1_3&Prime; _builder_version=\u00a0\u00bb3.25&Prime; custom_padding=\u00a0\u00bb|||\u00a0\u00bb custom_padding__hover=\u00a0\u00bb|||\u00a0\u00bb][et_pb_blurb title=\u00a0\u00bbInstallation\u00a0\u00bb use_icon=\u00a0\u00bbon\u00a0\u00bb font_icon=\u00a0\u00bb%%284%%\u00a0\u00bb icon_color=\u00a0\u00bb#1069BF\u00a0\u00bb use_circle=\u00a0\u00bbon\u00a0\u00bb circle_color=\u00a0\u00bbrgba(5,20,82,0.85)\u00a0\u00bb icon_placement=\u00a0\u00bbleft\u00a0\u00bb use_icon_font_size=\u00a0\u00bbon\u00a0\u00bb icon_font_size=\u00a0\u00bb76px\u00a0\u00bb _builder_version=\u00a0\u00bb4.4.8&Prime; _dynamic_attributes=\u00a0\u00bblink_option_url\u00a0\u00bb link_option_url=\u00a0\u00bb@ET-DC@eyJkeW5hbWljIjp0cnVlLCJjb250ZW50IjoicG9zdF9saW5rX3VybF9wYWdlIiwic2V0dGluZ3MiOnsicG9zdF9pZCI6IjIwIn19@\u00a0\u00bb]<\/p>\n<ul>\n<li>Extension de r\u00e9seau<\/li>\n<li>NAS<\/li>\n<li>Nouveau mat\u00e9riel toute marque<\/li>\n<\/ul>\n<p>[\/et_pb_blurb][\/et_pb_column][et_pb_column type=\u00a0\u00bb1_3&Prime; _builder_version=\u00a0\u00bb3.25&Prime; custom_padding=\u00a0\u00bb|||\u00a0\u00bb custom_padding__hover=\u00a0\u00bb|||\u00a0\u00bb][et_pb_blurb title=\u00a0\u00bbFormation\u00a0\u00bb use_icon=\u00a0\u00bbon\u00a0\u00bb font_icon=\u00a0\u00bb%%157%%\u00a0\u00bb icon_color=\u00a0\u00bb#1069BF\u00a0\u00bb use_circle=\u00a0\u00bbon\u00a0\u00bb circle_color=\u00a0\u00bbrgba(5,20,82,0.85)\u00a0\u00bb icon_placement=\u00a0\u00bbleft\u00a0\u00bb use_icon_font_size=\u00a0\u00bbon\u00a0\u00bb icon_font_size=\u00a0\u00bb76px\u00a0\u00bb _builder_version=\u00a0\u00bb4.4.8&Prime; _dynamic_attributes=\u00a0\u00bblink_option_url\u00a0\u00bb link_option_url=\u00a0\u00bb@ET-DC@eyJkeW5hbWljIjp0cnVlLCJjb250ZW50IjoicG9zdF9saW5rX3VybF9wYWdlIiwic2V0dGluZ3MiOnsicG9zdF9pZCI6IjIyIn19@\u00a0\u00bb locked=\u00a0\u00bboff\u00a0\u00bb]<\/p>\n<ul>\n<li>Bureautique<\/li>\n<li>Montage photos<\/li>\n<li>Sur demande<\/li>\n<\/ul>\n<p>[\/et_pb_blurb][\/et_pb_column][\/et_pb_row][\/et_pb_section][et_pb_section fb_built=\u00a0\u00bb1&Prime; _builder_version=\u00a0\u00bb3.22&Prime;][et_pb_row column_structure=\u00a0\u00bb1_2,1_2&Prime; _builder_version=\u00a0\u00bb3.25&Prime;][et_pb_column type=\u00a0\u00bb1_2&Prime; _builder_version=\u00a0\u00bb3.25&Prime; custom_padding=\u00a0\u00bb|||\u00a0\u00bb custom_padding__hover=\u00a0\u00bb|||\u00a0\u00bb][et_pb_text _builder_version=\u00a0\u00bb3.27.4&Prime;]<\/p>\n<h3>Zone d&rsquo;activit\u00e9 d\u00e9pannage:<\/h3>\n<p>Je travaille principalement sur les communes de<\/p>\n<ul>\n<li>Mieussy, Taninges, Saint Jeoire, Viuz en Sallaz, Verchaix, Morillon, Samoens, Chatillon, Onnion, M\u00e9gevette<\/li>\n<\/ul>\n<h3>Zone d&rsquo;activit\u00e9 r\u00e9seau, sites web<\/h3>\n<ul>\n<li>Vall\u00e9e du Giffre<\/li>\n<li>Vall\u00e9e de l&rsquo;Arve<\/li>\n<li>Vall\u00e9e de Chamonix<\/li>\n<\/ul>\n<p>[\/et_pb_text][\/et_pb_column][et_pb_column type=\u00a0\u00bb1_2&Prime; _builder_version=\u00a0\u00bb3.25&Prime; custom_padding=\u00a0\u00bb|||\u00a0\u00bb custom_padding__hover=\u00a0\u00bb|||\u00a0\u00bb][et_pb_code _builder_version=\u00a0\u00bb4.4.8&Prime; hover_enabled=\u00a0\u00bb0&Prime;][\/et_pb_code][\/et_pb_column][\/et_pb_row][\/et_pb_section]<\/p>\n","protected":false},"excerpt":{"rendered":"<p>FB CREATIONS WEB L&rsquo;informatique en vall\u00e9e du GiffreDepuis 2015, FB Cr\u00e9ations web fourni des prestations de service informatique aux particuliers, petites entreprises et collectivit\u00e9s de la vall\u00e9e du Giffre. Ma priorit\u00e9 est le contact humain et la satisfaction de mes clients. Je m&rsquo;adapte \u00e0 toutes les demandes, du particulier novice en informatique souhaitant apprendre \u00e0 [&hellip;]<\/p>\n","protected":false},"author":1,"featured_media":0,"parent":0,"menu_order":0,"comment_status":"closed","ping_status":"closed","template":"","meta":{"_et_pb_use_builder":"on","_et_pb_old_content":"<h2 class=\"col-md-5\">Bienvenue chez FB Cr\u00e9ations Web<\/h2>\r\n<h3 class=\"col-md-5\">La solution informatique pour particuliers et petites entreprises<\/h3>\r\n&nbsp;\r\n\r\n&nbsp;\r\n<div class=\"col-md-6 col-md-offset-1\"><\/div>","_et_gb_content_width":"","footnotes":""},"class_list":["post-10","page","type-page","status-publish","hentry"],"yoast_head":"<!-- This site is optimized with the Yoast SEO plugin v25.7 - https:\/\/yoast.com\/wordpress\/plugins\/seo\/ -->\n<title>Accueil - FB Cr\u00e9ations Web<\/title>\n<meta name=\"description\" content=\"FB Cr\u00e9ations Web, l&#039;informatique pour les particuliers et petites entreprises dans la vall\u00e9e du Giffre. D\u00e9pannage, maintenance, assistance et formation.\" \/>\n<meta name=\"robots\" content=\"index, follow, max-snippet:-1, max-image-preview:large, max-video-preview:-1\" \/>\n<link rel=\"canonical\" href=\"http:\/\/www.fb-creations-web.com\/\" \/>\n<meta property=\"og:locale\" content=\"fr_FR\" \/>\n<meta property=\"og:type\" content=\"article\" \/>\n<meta property=\"og:title\" content=\"Accueil - FB Cr\u00e9ations Web\" \/>\n<meta property=\"og:description\" content=\"FB Cr\u00e9ations Web, l&#039;informatique pour les particuliers et petites entreprises dans la vall\u00e9e du Giffre. D\u00e9pannage, maintenance, assistance et formation.\" \/>\n<meta property=\"og:url\" content=\"http:\/\/www.fb-creations-web.com\/\" \/>\n<meta property=\"og:site_name\" content=\"FB Cr\u00e9ations Web\" \/>\n<meta property=\"article:publisher\" content=\"https:\/\/www.facebook.com\/informatiquedugiffre\" \/>\n<meta property=\"article:modified_time\" content=\"2023-06-25T20:46:05+00:00\" \/>\n<meta name=\"twitter:card\" content=\"summary_large_image\" \/>\n<meta name=\"twitter:label1\" content=\"Dur\u00e9e de lecture estim\u00e9e\" \/>\n\t<meta name=\"twitter:data1\" content=\"3 minutes\" \/>\n<script type=\"application\/ld+json\" class=\"yoast-schema-graph\">{\"@context\":\"https:\/\/schema.org\",\"@graph\":[{\"@type\":\"WebPage\",\"@id\":\"http:\/\/www.fb-creations-web.com\/\",\"url\":\"http:\/\/www.fb-creations-web.com\/\",\"name\":\"Accueil - FB Cr\u00e9ations Web\",\"isPartOf\":{\"@id\":\"http:\/\/www.fb-creations-web.com\/#website\"},\"datePublished\":\"2018-03-15T20:54:25+00:00\",\"dateModified\":\"2023-06-25T20:46:05+00:00\",\"description\":\"FB Cr\u00e9ations Web, l'informatique pour les particuliers et petites entreprises dans la vall\u00e9e du Giffre. D\u00e9pannage, maintenance, assistance et formation.\",\"breadcrumb\":{\"@id\":\"http:\/\/www.fb-creations-web.com\/#breadcrumb\"},\"inLanguage\":\"fr-FR\",\"potentialAction\":[{\"@type\":\"ReadAction\",\"target\":[\"http:\/\/www.fb-creations-web.com\/\"]}]},{\"@type\":\"BreadcrumbList\",\"@id\":\"http:\/\/www.fb-creations-web.com\/#breadcrumb\",\"itemListElement\":[{\"@type\":\"ListItem\",\"position\":1,\"name\":\"Accueil\",\"item\":\"http:\/\/www.fb-creations-web.com\/\"},{\"@type\":\"ListItem\",\"position\":2,\"name\":\"Accueil\"}]},{\"@type\":\"WebSite\",\"@id\":\"http:\/\/www.fb-creations-web.com\/#website\",\"url\":\"http:\/\/www.fb-creations-web.com\/\",\"name\":\"FB Cr\u00e9ations Web - Informatique en Montagnes du Giffre\",\"description\":\"L&#039;informatique dans la vall\u00e9e du Giffre\",\"publisher\":{\"@id\":\"http:\/\/www.fb-creations-web.com\/#organization\"},\"potentialAction\":[{\"@type\":\"SearchAction\",\"target\":{\"@type\":\"EntryPoint\",\"urlTemplate\":\"http:\/\/www.fb-creations-web.com\/?s={search_term_string}\"},\"query-input\":{\"@type\":\"PropertyValueSpecification\",\"valueRequired\":true,\"valueName\":\"search_term_string\"}}],\"inLanguage\":\"fr-FR\"},{\"@type\":\"Organization\",\"@id\":\"http:\/\/www.fb-creations-web.com\/#organization\",\"name\":\"FB Cr\u00e9ations Web\",\"url\":\"http:\/\/www.fb-creations-web.com\/\",\"logo\":{\"@type\":\"ImageObject\",\"inLanguage\":\"fr-FR\",\"@id\":\"http:\/\/www.fb-creations-web.com\/#\/schema\/logo\/image\/\",\"url\":\"https:\/\/www.fb-creations-web.com\/wp-content\/uploads\/2018\/03\/Logo_site.png\",\"contentUrl\":\"https:\/\/www.fb-creations-web.com\/wp-content\/uploads\/2018\/03\/Logo_site.png\",\"width\":512,\"height\":512,\"caption\":\"FB Cr\u00e9ations Web\"},\"image\":{\"@id\":\"http:\/\/www.fb-creations-web.com\/#\/schema\/logo\/image\/\"},\"sameAs\":[\"https:\/\/www.facebook.com\/informatiquedugiffre\"]}]}<\/script>\n<!-- \/ Yoast SEO plugin. -->","yoast_head_json":{"title":"Accueil - FB Cr\u00e9ations Web","description":"FB Cr\u00e9ations Web, l'informatique pour les particuliers et petites entreprises dans la vall\u00e9e du Giffre. D\u00e9pannage, maintenance, assistance et formation.","robots":{"index":"index","follow":"follow","max-snippet":"max-snippet:-1","max-image-preview":"max-image-preview:large","max-video-preview":"max-video-preview:-1"},"canonical":"http:\/\/www.fb-creations-web.com\/","og_locale":"fr_FR","og_type":"article","og_title":"Accueil - FB Cr\u00e9ations Web","og_description":"FB Cr\u00e9ations Web, l'informatique pour les particuliers et petites entreprises dans la vall\u00e9e du Giffre. D\u00e9pannage, maintenance, assistance et formation.","og_url":"http:\/\/www.fb-creations-web.com\/","og_site_name":"FB Cr\u00e9ations Web","article_publisher":"https:\/\/www.facebook.com\/informatiquedugiffre","article_modified_time":"2023-06-25T20:46:05+00:00","twitter_card":"summary_large_image","twitter_misc":{"Dur\u00e9e de lecture estim\u00e9e":"3 minutes"},"schema":{"@context":"https:\/\/schema.org","@graph":[{"@type":"WebPage","@id":"http:\/\/www.fb-creations-web.com\/","url":"http:\/\/www.fb-creations-web.com\/","name":"Accueil - FB Cr\u00e9ations Web","isPartOf":{"@id":"http:\/\/www.fb-creations-web.com\/#website"},"datePublished":"2018-03-15T20:54:25+00:00","dateModified":"2023-06-25T20:46:05+00:00","description":"FB Cr\u00e9ations Web, l'informatique pour les particuliers et petites entreprises dans la vall\u00e9e du Giffre. D\u00e9pannage, maintenance, assistance et formation.","breadcrumb":{"@id":"http:\/\/www.fb-creations-web.com\/#breadcrumb"},"inLanguage":"fr-FR","potentialAction":[{"@type":"ReadAction","target":["http:\/\/www.fb-creations-web.com\/"]}]},{"@type":"BreadcrumbList","@id":"http:\/\/www.fb-creations-web.com\/#breadcrumb","itemListElement":[{"@type":"ListItem","position":1,"name":"Accueil","item":"http:\/\/www.fb-creations-web.com\/"},{"@type":"ListItem","position":2,"name":"Accueil"}]},{"@type":"WebSite","@id":"http:\/\/www.fb-creations-web.com\/#website","url":"http:\/\/www.fb-creations-web.com\/","name":"FB Cr\u00e9ations Web - Informatique en Montagnes du Giffre","description":"L&#039;informatique dans la vall\u00e9e du Giffre","publisher":{"@id":"http:\/\/www.fb-creations-web.com\/#organization"},"potentialAction":[{"@type":"SearchAction","target":{"@type":"EntryPoint","urlTemplate":"http:\/\/www.fb-creations-web.com\/?s={search_term_string}"},"query-input":{"@type":"PropertyValueSpecification","valueRequired":true,"valueName":"search_term_string"}}],"inLanguage":"fr-FR"},{"@type":"Organization","@id":"http:\/\/www.fb-creations-web.com\/#organization","name":"FB Cr\u00e9ations Web","url":"http:\/\/www.fb-creations-web.com\/","logo":{"@type":"ImageObject","inLanguage":"fr-FR","@id":"http:\/\/www.fb-creations-web.com\/#\/schema\/logo\/image\/","url":"https:\/\/www.fb-creations-web.com\/wp-content\/uploads\/2018\/03\/Logo_site.png","contentUrl":"https:\/\/www.fb-creations-web.com\/wp-content\/uploads\/2018\/03\/Logo_site.png","width":512,"height":512,"caption":"FB Cr\u00e9ations Web"},"image":{"@id":"http:\/\/www.fb-creations-web.com\/#\/schema\/logo\/image\/"},"sameAs":["https:\/\/www.facebook.com\/informatiquedugiffre"]}]}},"_links":{"self":[{"href":"http:\/\/www.fb-creations-web.com\/index.php\/wp-json\/wp\/v2\/pages\/10","targetHints":{"allow":["GET"]}}],"collection":[{"href":"http:\/\/www.fb-creations-web.com\/index.php\/wp-json\/wp\/v2\/pages"}],"about":[{"href":"http:\/\/www.fb-creations-web.com\/index.php\/wp-json\/wp\/v2\/types\/page"}],"author":[{"embeddable":true,"href":"http:\/\/www.fb-creations-web.com\/index.php\/wp-json\/wp\/v2\/users\/1"}],"replies":[{"embeddable":true,"href":"http:\/\/www.fb-creations-web.com\/index.php\/wp-json\/wp\/v2\/comments?post=10"}],"version-history":[{"count":11,"href":"http:\/\/www.fb-creations-web.com\/index.php\/wp-json\/wp\/v2\/pages\/10\/revisions"}],"predecessor-version":[{"id":368,"href":"http:\/\/www.fb-creations-web.com\/index.php\/wp-json\/wp\/v2\/pages\/10\/revisions\/368"}],"wp:attachment":[{"href":"http:\/\/www.fb-creations-web.com\/index.php\/wp-json\/wp\/v2\/media?parent=10"}],"curies":[{"name":"wp","href":"https:\/\/api.w.org\/{rel}","templated":true}]}}